{"id":77102,"date":"2024-07-10T11:56:01","date_gmt":"2024-07-10T11:56:01","guid":{"rendered":"https:\/\/deutschedastg.wpengine.com\/?page_id=77102"},"modified":"2024-11-19T09:57:18","modified_gmt":"2024-11-19T09:57:18","slug":"dda-profiled-crypto-strategies","status":"publish","type":"page","link":"https:\/\/deutschedigitalassets.com\/de\/products\/qs\/dda-profilierte-krypto-strategien\/","title":{"rendered":"DDA Profiled Crypto Strategies"},"content":{"rendered":"<div class=\"alignfull wp-block-iconic-blocks-hero is-variation-subpage hero-align--left has-tuna-grey-background-color\" >\n    <div class=\"hero-content-container\">\n                    <h1 class=\"hero-heading\">\n                \nDDA Profiled Crypto Strategies            <\/h1>\n                            <p class=\"hero-sub-heading has-subtitle-font-size\">\n                \nEINE REIHE VON LONG-ONLY-STRATEGIEN BASIEREND AUF RISIKOPROFILEN            <\/p>\n        \n        \n<div class=\"wp-block-button wp-block-button is-style-primary_ghost\">\n    \n<a class=\"wp-block-button__link\" title=\"KONTAKTIEREN SIE UNS\" href=\"https:\/\/deutschedigitalassets.com\/de\/kontakt\/\">\n    KONTAKTIEREN SIE UNS<\/a>\n<\/div>\n\n\n                    <div class=\"product-image-container\">\n                            <\/div>\n            <\/div>\n<\/div>\n\n\n\n<div style=\"height:100px\" aria-hidden=\"true\" class=\"wp-block-spacer\"><\/div>\n\n\n\n<div class=\"wp-block-columns is-layout-flex wp-container-core-columns-is-layout-3 wp-block-columns-is-layout-flex\">\n<div class=\"wp-block-column is-layout-flow wp-block-column-is-layout-flow\" style=\"flex-basis:33.33%\">\n<div class=\"wp-block-buttons is-layout-flex wp-block-buttons-is-layout-flex\">\n<div class=\"wp-block-button has-custom-width wp-block-button__width-100 is-style-secondary\"><a class=\"wp-block-button__link wp-element-button\" href=\"https:\/\/deutschedigitalassets.com\/de\/products\/qs\/\">MEHR \u00dcBER QUANTITATIVE SOLUTIONS<\/a><\/div>\n\n\n\n<div class=\"wp-block-button has-custom-width wp-block-button__width-100 is-style-secondary\"><a class=\"wp-block-button__link wp-element-button\" href=\"#h-contact-us-for-more-information\">Kontaktieren Sie uns f\u00fcr weitere Informationen<\/a><\/div>\n<\/div>\n\n\n\n<div style=\"height:56px\" aria-hidden=\"true\" class=\"wp-block-spacer\"><\/div>\n\n\n\n<h5 class=\"wp-block-heading\" id=\"h-product-details\">Produktdetails<\/h5>\n\n\n\n<figure class=\"wp-block-table is-style-product-details\"><table class=\"has-fixed-layout\"><tbody><tr><td>Mindestinvestition<\/td><td>$100,000<\/td><\/tr><tr><td>Liquidit\u00e4t<\/td><td>sofort \u00fcber API<\/td><\/tr><tr><td>Management Fee<\/td><td>2% p.a.<\/td><\/tr><tr><td>Struktur<\/td><td>Separately Managed Accounts (SMAs) \u2013 DDA Alpha AG<\/td><\/tr><\/tbody><\/table><\/figure>\n\n\n\n<p><\/p>\n<\/div>\n\n\n\n<div class=\"wp-block-column is-layout-flow wp-block-column-is-layout-flow\" style=\"padding-right:var(--wp--preset--spacing--40);padding-left:var(--wp--preset--spacing--40);flex-basis:66.66%\" id=\"h-overview\">\n<h5 class=\"wp-block-heading\"><strong>Anlageziel<\/strong><\/h5>\n\n\n\n<p><\/p>\n\n\n\n<p>Die DDA Profiled Crypto Strategies zielen darauf ab, eine Auswahl an Investments mit unterschiedlichen Risikoprofilen anzubieten.&nbsp;<\/p>\n\n\n\n<ul>\n<li>Konservativ \u2013 etwa 10 % realisierte Volatilit\u00e4t<\/li>\n\n\n\n<li>Moderat \u2013 etwa 25 % realisierte Volatilit\u00e4t<\/li>\n\n\n\n<li>Ausgewogen \u2013 etwa 45 % realisierte Volatilit\u00e4t<\/li>\n\n\n\n<li>Dynamisch \u2013 zwischen 0 % und 100 % Exposition, basierend auf makro\u00f6konomischen Faktoren<\/li>\n<\/ul>\n\n\n\n<p>Diese Strategien bieten eine reine Long-Exposition mit monatlicher Neugewichtung.<\/p>\n\n\n\n<p>Anlageuniversum umfasst standardm\u00e4\u00dfig nur Coins, die f\u00fcr ein Listing an der Deutschen B\u00f6rse Xetra zugelassen sind.<\/p>\n\n\n\n<p><\/p>\n\n\n\n<p><\/p>\n\n\n\n<h5 class=\"wp-block-heading\">DDA Quant Solutions Auszeichnungen<\/h5>\n\n\n\n<p><\/p>\n\n\n\n<div class=\"wp-block-columns is-style-style-2 is-layout-flex wp-container-core-columns-is-layout-1 wp-block-columns-is-layout-flex\">\n<div class=\"wp-block-column is-style-style-2 is-layout-flow wp-block-column-is-layout-flow\">\n<figure class=\"wp-block-image aligncenter size-medium is-resized\"><img loading=\"lazy\" decoding=\"async\" width=\"300\" height=\"300\" src=\"https:\/\/deutschedigitalassets.com\/wp-content\/uploads\/2024\/11\/QS-Awards-Icon-N2-300x300.png\" alt=\"\" class=\"wp-image-77239\" style=\"aspect-ratio:4\/3;object-fit:contain;width:auto;height:100px\" srcset=\"https:\/\/deutschedigitalassets.com\/wp-content\/uploads\/2024\/11\/QS-Awards-Icon-N2-300x300.png 300w, https:\/\/deutschedigitalassets.com\/wp-content\/uploads\/2024\/11\/QS-Awards-Icon-N2-1024x1024.png 1024w, https:\/\/deutschedigitalassets.com\/wp-content\/uploads\/2024\/11\/QS-Awards-Icon-N2-150x150.png 150w, https:\/\/deutschedigitalassets.com\/wp-content\/uploads\/2024\/11\/QS-Awards-Icon-N2-768x768.png 768w, https:\/\/deutschedigitalassets.com\/wp-content\/uploads\/2024\/11\/QS-Awards-Icon-N2-12x12.png 12w, https:\/\/deutschedigitalassets.com\/wp-content\/uploads\/2024\/11\/QS-Awards-Icon-N2.png 1080w\" sizes=\"(max-width: 300px) 100vw, 300px\" \/><\/figure>\n\n\n\n<h6 class=\"wp-block-heading has-text-align-center\">Quantitative Digital Assets Fund des Jahres<\/h6>\n\n\n\n<p class=\"has-text-align-center\">Hedgeweek Global Digital Assets Awards 2024<\/p>\n<\/div>\n\n\n\n<div class=\"wp-block-column is-layout-flow wp-block-column-is-layout-flow\">\n<figure class=\"wp-block-image aligncenter size-medium is-resized\"><img loading=\"lazy\" decoding=\"async\" width=\"300\" height=\"300\" src=\"https:\/\/deutschedigitalassets.com\/wp-content\/uploads\/2024\/11\/QS-Awards-Icon-N2-300x300.png\" alt=\"\" class=\"wp-image-77239\" style=\"aspect-ratio:4\/3;object-fit:contain;width:auto;height:100px\" srcset=\"https:\/\/deutschedigitalassets.com\/wp-content\/uploads\/2024\/11\/QS-Awards-Icon-N2-300x300.png 300w, https:\/\/deutschedigitalassets.com\/wp-content\/uploads\/2024\/11\/QS-Awards-Icon-N2-1024x1024.png 1024w, https:\/\/deutschedigitalassets.com\/wp-content\/uploads\/2024\/11\/QS-Awards-Icon-N2-150x150.png 150w, https:\/\/deutschedigitalassets.com\/wp-content\/uploads\/2024\/11\/QS-Awards-Icon-N2-768x768.png 768w, https:\/\/deutschedigitalassets.com\/wp-content\/uploads\/2024\/11\/QS-Awards-Icon-N2-12x12.png 12w, https:\/\/deutschedigitalassets.com\/wp-content\/uploads\/2024\/11\/QS-Awards-Icon-N2.png 1080w\" sizes=\"(max-width: 300px) 100vw, 300px\" \/><\/figure>\n\n\n\n<h6 class=\"wp-block-heading has-text-align-center\">Absolute Performance des Jahres \u2013 Index\/Index Tracking Fund<\/h6>\n\n\n\n<p class=\"has-text-align-center\">Hedgeweek Global Digital Assets Awards 2024<\/p>\n<\/div>\n\n\n\n<div class=\"wp-block-column is-layout-flow wp-block-column-is-layout-flow\">\n<figure class=\"wp-block-image aligncenter size-medium is-resized\"><img loading=\"lazy\" decoding=\"async\" width=\"300\" height=\"300\" src=\"https:\/\/deutschedigitalassets.com\/wp-content\/uploads\/2024\/11\/QS-Awards-Icon-N2-300x300.png\" alt=\"\" class=\"wp-image-77239\" style=\"aspect-ratio:4\/3;object-fit:contain;width:auto;height:100px\" srcset=\"https:\/\/deutschedigitalassets.com\/wp-content\/uploads\/2024\/11\/QS-Awards-Icon-N2-300x300.png 300w, https:\/\/deutschedigitalassets.com\/wp-content\/uploads\/2024\/11\/QS-Awards-Icon-N2-1024x1024.png 1024w, https:\/\/deutschedigitalassets.com\/wp-content\/uploads\/2024\/11\/QS-Awards-Icon-N2-150x150.png 150w, https:\/\/deutschedigitalassets.com\/wp-content\/uploads\/2024\/11\/QS-Awards-Icon-N2-768x768.png 768w, https:\/\/deutschedigitalassets.com\/wp-content\/uploads\/2024\/11\/QS-Awards-Icon-N2-12x12.png 12w, https:\/\/deutschedigitalassets.com\/wp-content\/uploads\/2024\/11\/QS-Awards-Icon-N2.png 1080w\" sizes=\"(max-width: 300px) 100vw, 300px\" \/><\/figure>\n\n\n\n<h6 class=\"wp-block-heading has-text-align-center\">Performance des Jahres - Index\/Index Tracking Fund (3+ Jahre)<\/h6>\n\n\n\n<p class=\"has-text-align-center\">Hedgeweek Global Digital Assets Awards 2024<\/p>\n<\/div>\n<\/div>\n\n\n\n<div class=\"wp-block-columns is-layout-flex wp-container-core-columns-is-layout-2 wp-block-columns-is-layout-flex\">\n<div class=\"wp-block-column is-layout-flow wp-block-column-is-layout-flow\">\n<figure class=\"wp-block-image aligncenter size-medium is-resized\"><img loading=\"lazy\" decoding=\"async\" width=\"300\" height=\"300\" src=\"https:\/\/deutschedigitalassets.com\/wp-content\/uploads\/2024\/11\/QS-Awards-Icon-N2-300x300.png\" alt=\"\" class=\"wp-image-77239\" style=\"aspect-ratio:4\/3;object-fit:contain;width:auto;height:100px\" srcset=\"https:\/\/deutschedigitalassets.com\/wp-content\/uploads\/2024\/11\/QS-Awards-Icon-N2-300x300.png 300w, https:\/\/deutschedigitalassets.com\/wp-content\/uploads\/2024\/11\/QS-Awards-Icon-N2-1024x1024.png 1024w, https:\/\/deutschedigitalassets.com\/wp-content\/uploads\/2024\/11\/QS-Awards-Icon-N2-150x150.png 150w, https:\/\/deutschedigitalassets.com\/wp-content\/uploads\/2024\/11\/QS-Awards-Icon-N2-768x768.png 768w, https:\/\/deutschedigitalassets.com\/wp-content\/uploads\/2024\/11\/QS-Awards-Icon-N2-12x12.png 12w, https:\/\/deutschedigitalassets.com\/wp-content\/uploads\/2024\/11\/QS-Awards-Icon-N2.png 1080w\" sizes=\"(max-width: 300px) 100vw, 300px\" \/><\/figure>\n\n\n\n<h6 class=\"wp-block-heading has-text-align-center\">Relative Performance des Jahres - Index\/Index Tracking Fund<\/h6>\n\n\n\n<p class=\"has-text-align-center\">Hedgeweek Global Digital Assets Awards 2024 &nbsp;<\/p>\n<\/div>\n\n\n\n<div class=\"wp-block-column is-layout-flow wp-block-column-is-layout-flow\">\n<figure class=\"wp-block-image aligncenter size-medium is-resized\"><img loading=\"lazy\" decoding=\"async\" width=\"300\" height=\"300\" src=\"https:\/\/deutschedigitalassets.com\/wp-content\/uploads\/2024\/11\/QS-Awards-Icon-N2-300x300.png\" alt=\"\" class=\"wp-image-77239\" style=\"aspect-ratio:4\/3;object-fit:contain;width:auto;height:100px\" srcset=\"https:\/\/deutschedigitalassets.com\/wp-content\/uploads\/2024\/11\/QS-Awards-Icon-N2-300x300.png 300w, https:\/\/deutschedigitalassets.com\/wp-content\/uploads\/2024\/11\/QS-Awards-Icon-N2-1024x1024.png 1024w, https:\/\/deutschedigitalassets.com\/wp-content\/uploads\/2024\/11\/QS-Awards-Icon-N2-150x150.png 150w, https:\/\/deutschedigitalassets.com\/wp-content\/uploads\/2024\/11\/QS-Awards-Icon-N2-768x768.png 768w, https:\/\/deutschedigitalassets.com\/wp-content\/uploads\/2024\/11\/QS-Awards-Icon-N2-12x12.png 12w, https:\/\/deutschedigitalassets.com\/wp-content\/uploads\/2024\/11\/QS-Awards-Icon-N2.png 1080w\" sizes=\"(max-width: 300px) 100vw, 300px\" \/><\/figure>\n\n\n\n<h6 class=\"wp-block-heading has-text-align-center\">Hedgeweek Global Digital Assets Awards 2023&nbsp;<br>Best Sustained Risk-Adjusted Performance<\/h6>\n\n\n\n<p class=\"has-text-align-center\">Hedgeweek Global Digital Assets Awards 2023<\/p>\n<\/div>\n\n\n\n<div class=\"wp-block-column is-layout-flow wp-block-column-is-layout-flow\"><\/div>\n<\/div>\n<\/div>\n<\/div>\n\n\n\n<div class=\"wp-block-group alignfull is-style-text-simple newsletter has-white-40-background-color has-background is-layout-flow wp-block-group-is-layout-flow\">\n<div class=\"wp-block-columns is-layout-flex wp-container-core-columns-is-layout-4 wp-block-columns-is-layout-flex\">\n<div class=\"wp-block-column is-layout-flow wp-block-column-is-layout-flow\">\n<h3 class=\"wp-block-heading\" id=\"h-contact-us-for-more-information\">Kontaktieren Sie uns f\u00fcr weitere Informationen<\/h3>\n\n\n\n<p>Bei Fragen oder f\u00fcr mehr Informationen kontaktieren Sie uns bitte \u00fcber das bereitgestellte Formular. <\/p>\n<\/div>\n\n\n\n<div class=\"wp-block-column is-layout-flow wp-block-column-is-layout-flow\">\n<div class=\"pipedriveWebForms\" data-pd-webforms=\"https:\/\/webforms.pipedrive.com\/f\/ctqFs71ELAfe7vcLyQxLtjGn5INLwOuHv5BxijtM8c9iuFBctdYeYtKDpApbPC0boT\"><\/div>\n<\/div>\n<\/div>\n<\/div>\n\n\n\n<div class=\"wp-block-iconic-blocks-disclaimer alignfull\">\n<p class=\"title\">HAFTUNGSAUSSCHLUSS<\/p>\n\n\n\n<p class=\"text\">Die hier angezeigten Factsheets zu Strategien und andere Publikationen richten sich ausschlie\u00dflich an institutionelle oder professionelle Anleger. Privatanleger und alle Anleger, die in offiziell auf der schwarzen Liste stehenden L\u00e4ndern ans\u00e4ssig sind oder dort gesch\u00e4ftlich t\u00e4tig sind, sind derzeit nicht berechtigt, diesen Service zu nutzen.<br><br>Diese Informationen sind nicht f\u00fcr Anleger oder Personen in L\u00e4ndern bestimmt, in denen die Verbreitung dieser Informationen oder deren Verwendung in irgendeiner Weise gegen die \u00f6rtlichen Gesetze oder Vorschriften versto\u00dfen k\u00f6nnte,<br>U.S. PERSONEN (WIE IN REGULATION S DEFINIERT) UND JURISTISCHE PERSONEN MIT WOHNSITZ IN DEN VEREINIGTEN STAATEN D\u00dcRFEN DIESE WEBSITE NICHT BETRETEN. Die Informationen auf dieser Website d\u00fcrfen nicht in den Vereinigten Staaten oder in einem anderen Land, in dem dies nicht zul\u00e4ssig ist, verteilt oder weitergegeben werden.<br><br>Bitte leiten Sie die angezeigten Factsheets oder Publikationen nicht an Dritte weiter oder senden Sie sie nicht an Dritte. Dieses Material wurde von der DDA Alpha AG, einer Tochtergesellschaft der Deutsche Digital Assets GmbH, ausschlie\u00dflich zu Informationszwecken f\u00fcr den alleinigen Gebrauch durch den vorgesehenen Empf\u00e4nger erstellt und ist nur f\u00fcr professionelle Anleger geeignet. Sie stellen keine Empfehlung zum Kauf oder Verkauf bestimmter Anlagen oder zur \u00dcbernahme einer bestimmten Anlagestrategie dar. Die von der DDA Alpha AG erbrachte Dienstleistung stellt keine Handels- oder Handelsberatung von Finanzinstrumenten im Sinne der Richtlinie 2014\/65\/EU (MIFID) dar. Weder die von der DDA Alpha AG erbrachten Dienstleistungen noch das Unternehmen selbst unterliegen einer Lizenzpflicht und sind daher weder von der liechtensteinischen Finanzmarktaufsicht FMA lizenziert noch bei ihr registriert. Die Informationen sollten von den Empf\u00e4ngern nicht als Ersatz f\u00fcr die eigene Beurteilung angesehen werden. Weder die DDA Alpha AG noch eines ihrer verbundenen Unternehmen oder einer ihrer Direktoren, leitenden Angestellten oder Mitarbeiter haften in irgendeiner Weise f\u00fcr Verluste, die sich aus der Verwendung der Informationen in den ver\u00f6ffentlichten Dokumenten ergeben. Die hierin enthaltenen Daten sollten nicht als verl\u00e4sslich angesehen werden, da diese Informationen jederzeit ohne Vorank\u00fcndigung nach Ermessen der DDA Alpha AG ge\u00e4ndert werden k\u00f6nnen. Aufgrund der erh\u00f6hten inh\u00e4renten Volatilit\u00e4t der Anlageklasse unterliegen Anleger in digitalen Verm\u00f6genswerten dem Risiko eines Totalverlusts des investierten Betrags. Diese Offenlegungserkl\u00e4rung kann und wird nicht alle Risiken und sonstigen Aspekte im Zusammenhang mit dem Halten, dem Handel oder dem Abschluss von Finanzierungs- oder Refinanzierungstransaktionen mit digitalen Verm\u00f6genswerten offenlegen.<br><br>DDA Alpha AG (Registernummer FL-0002.681,478-9) mit Sitz an der Landstrasse 40, 9495 Triesen, Liechtenstein.<br><br><a href=\"https:\/\/deutschedigitalassets.com\/de\/impressum-alpha\/\" target=\"_blank\" rel=\"noreferrer noopener\">Impressum Link - DDA Alpha AG<\/a><\/p>\n<\/div>","protected":false},"excerpt":{"rendered":"<p>Product details Minimum Investment $100,000 Liquidity instant via API Management Fees 2% annually Structure Separately Managed Accounts (SMAs) \u2013 DDA Alpha AG Investment Objective The DDA Profiled crypto strategies aims to offer a range of investments with different risk profiles.&nbsp; This range of strategies provides a long only exposure with monthly rebalancing. The investment universe [&hellip;]<\/p>","protected":false},"author":3,"featured_media":0,"parent":67,"menu_order":0,"comment_status":"closed","ping_status":"closed","template":"","meta":{"_acf_changed":false,"_monsterinsights_skip_tracking":false,"_monsterinsights_sitenote_active":false,"_monsterinsights_sitenote_note":"","_monsterinsights_sitenote_category":0,"footnotes":""},"acf":[],"yoast_head":"<!-- This site is optimized with the Yoast SEO Premium plugin v19.5 (Yoast SEO v23.6) - https:\/\/yoast.com\/wordpress\/plugins\/seo\/ -->\n<title>DDA Profiled Crypto Strategies - Deutsche Digital Assets<\/title>\n<meta name=\"description\" content=\"The DDA Absolute Return Multi Strategy is designed to generate returns regardless of market direction.\" \/>\n<meta name=\"robots\" content=\"index, follow, max-snippet:-1, max-image-preview:large, max-video-preview:-1\" \/>\n<link rel=\"canonical\" href=\"https:\/\/deutschedigitalassets.com\/de\/products\/qs\/dda-profilierte-krypto-strategien\/\" \/>\n<meta property=\"og:locale\" content=\"de_DE\" \/>\n<meta property=\"og:type\" content=\"article\" \/>\n<meta property=\"og:title\" content=\"DDA Profiled Crypto Strategies\" \/>\n<meta property=\"og:description\" content=\"The DDA Absolute Return Multi Strategy is designed to generate returns regardless of market direction.\" \/>\n<meta property=\"og:url\" content=\"https:\/\/deutschedigitalassets.com\/de\/products\/qs\/dda-profilierte-krypto-strategien\/\" \/>\n<meta property=\"og:site_name\" content=\"Deutsche Digital Assets\" \/>\n<meta property=\"article:modified_time\" content=\"2024-11-19T09:57:18+00:00\" \/>\n<meta property=\"og:image\" content=\"https:\/\/deutschedigitalassets.com\/wp-content\/uploads\/2024\/11\/QS-Awards-Icon-N2.png\" \/>\n\t<meta property=\"og:image:width\" content=\"1080\" \/>\n\t<meta property=\"og:image:height\" content=\"1080\" \/>\n\t<meta property=\"og:image:type\" content=\"image\/png\" \/>\n<meta name=\"twitter:card\" content=\"summary_large_image\" \/>\n<meta name=\"twitter:label1\" content=\"Gesch\u00e4tzte Lesezeit\" \/>\n\t<meta name=\"twitter:data1\" content=\"4 Minuten\" \/>\n<script type=\"application\/ld+json\" class=\"yoast-schema-graph\">{\"@context\":\"https:\/\/schema.org\",\"@graph\":[{\"@type\":\"WebPage\",\"@id\":\"https:\/\/deutschedigitalassets.com\/products\/qs\/dda-profiled-crypto-strategies\/\",\"url\":\"https:\/\/deutschedigitalassets.com\/products\/qs\/dda-profiled-crypto-strategies\/\",\"name\":\"DDA Profiled Crypto Strategies - Deutsche Digital Assets\",\"isPartOf\":{\"@id\":\"https:\/\/deutschedigitalassets.com\/#website\"},\"primaryImageOfPage\":{\"@id\":\"https:\/\/deutschedigitalassets.com\/products\/qs\/dda-profiled-crypto-strategies\/#primaryimage\"},\"image\":{\"@id\":\"https:\/\/deutschedigitalassets.com\/products\/qs\/dda-profiled-crypto-strategies\/#primaryimage\"},\"thumbnailUrl\":\"https:\/\/deutschedigitalassets.com\/wp-content\/uploads\/2024\/11\/QS-Awards-Icon-N2-300x300.png\",\"datePublished\":\"2024-07-10T11:56:01+00:00\",\"dateModified\":\"2024-11-19T09:57:18+00:00\",\"description\":\"The DDA Absolute Return Multi Strategy is designed to generate returns regardless of market direction.\",\"breadcrumb\":{\"@id\":\"https:\/\/deutschedigitalassets.com\/products\/qs\/dda-profiled-crypto-strategies\/#breadcrumb\"},\"inLanguage\":\"de-DE\",\"potentialAction\":[{\"@type\":\"ReadAction\",\"target\":[\"https:\/\/deutschedigitalassets.com\/products\/qs\/dda-profiled-crypto-strategies\/\"]}]},{\"@type\":\"ImageObject\",\"inLanguage\":\"de-DE\",\"@id\":\"https:\/\/deutschedigitalassets.com\/products\/qs\/dda-profiled-crypto-strategies\/#primaryimage\",\"url\":\"https:\/\/deutschedigitalassets.com\/wp-content\/uploads\/2024\/11\/QS-Awards-Icon-N2-300x300.png\",\"contentUrl\":\"https:\/\/deutschedigitalassets.com\/wp-content\/uploads\/2024\/11\/QS-Awards-Icon-N2-300x300.png\"},{\"@type\":\"BreadcrumbList\",\"@id\":\"https:\/\/deutschedigitalassets.com\/products\/qs\/dda-profiled-crypto-strategies\/#breadcrumb\",\"itemListElement\":[{\"@type\":\"ListItem\",\"position\":1,\"name\":\"Home\",\"item\":\"https:\/\/deutschedigitalassets.com\/\"},{\"@type\":\"ListItem\",\"position\":2,\"name\":\"Deutsche Digital Assets Products\",\"item\":\"https:\/\/deutschedigitalassets.com\/products\/\"},{\"@type\":\"ListItem\",\"position\":3,\"name\":\"DDA Quantitative Solutions\",\"item\":\"https:\/\/deutschedigitalassets.com\/?page_id=67\"},{\"@type\":\"ListItem\",\"position\":4,\"name\":\"DDA Profiled Crypto Strategies\"}]},{\"@type\":\"WebSite\",\"@id\":\"https:\/\/deutschedigitalassets.com\/#website\",\"url\":\"https:\/\/deutschedigitalassets.com\/\",\"name\":\"Deutsche Digital Assets\",\"description\":\"Deutsche Digital Assets\",\"potentialAction\":[{\"@type\":\"SearchAction\",\"target\":{\"@type\":\"EntryPoint\",\"urlTemplate\":\"https:\/\/deutschedigitalassets.com\/?s={search_term_string}\"},\"query-input\":{\"@type\":\"PropertyValueSpecification\",\"valueRequired\":true,\"valueName\":\"search_term_string\"}}],\"inLanguage\":\"de-DE\"}]}<\/script>\n<!-- \/ Yoast SEO Premium plugin. -->","yoast_head_json":{"title":"DDA Profiled Crypto Strategies - Deutsche Digital Assets","description":"The DDA Absolute Return Multi Strategy is designed to generate returns regardless of market direction.","robots":{"index":"index","follow":"follow","max-snippet":"max-snippet:-1","max-image-preview":"max-image-preview:large","max-video-preview":"max-video-preview:-1"},"canonical":"https:\/\/deutschedigitalassets.com\/de\/products\/qs\/dda-profilierte-krypto-strategien\/","og_locale":"de_DE","og_type":"article","og_title":"DDA Profiled Crypto Strategies","og_description":"The DDA Absolute Return Multi Strategy is designed to generate returns regardless of market direction.","og_url":"https:\/\/deutschedigitalassets.com\/de\/products\/qs\/dda-profilierte-krypto-strategien\/","og_site_name":"Deutsche Digital Assets","article_modified_time":"2024-11-19T09:57:18+00:00","og_image":[{"width":1080,"height":1080,"url":"https:\/\/deutschedigitalassets.com\/wp-content\/uploads\/2024\/11\/QS-Awards-Icon-N2.png","type":"image\/png"}],"twitter_card":"summary_large_image","twitter_misc":{"Gesch\u00e4tzte Lesezeit":"4 Minuten"},"schema":{"@context":"https:\/\/schema.org","@graph":[{"@type":"WebPage","@id":"https:\/\/deutschedigitalassets.com\/products\/qs\/dda-profiled-crypto-strategies\/","url":"https:\/\/deutschedigitalassets.com\/products\/qs\/dda-profiled-crypto-strategies\/","name":"DDA Profiled Crypto Strategies - Deutsche Digital Assets","isPartOf":{"@id":"https:\/\/deutschedigitalassets.com\/#website"},"primaryImageOfPage":{"@id":"https:\/\/deutschedigitalassets.com\/products\/qs\/dda-profiled-crypto-strategies\/#primaryimage"},"image":{"@id":"https:\/\/deutschedigitalassets.com\/products\/qs\/dda-profiled-crypto-strategies\/#primaryimage"},"thumbnailUrl":"https:\/\/deutschedigitalassets.com\/wp-content\/uploads\/2024\/11\/QS-Awards-Icon-N2-300x300.png","datePublished":"2024-07-10T11:56:01+00:00","dateModified":"2024-11-19T09:57:18+00:00","description":"The DDA Absolute Return Multi Strategy is designed to generate returns regardless of market direction.","breadcrumb":{"@id":"https:\/\/deutschedigitalassets.com\/products\/qs\/dda-profiled-crypto-strategies\/#breadcrumb"},"inLanguage":"de-DE","potentialAction":[{"@type":"ReadAction","target":["https:\/\/deutschedigitalassets.com\/products\/qs\/dda-profiled-crypto-strategies\/"]}]},{"@type":"ImageObject","inLanguage":"de-DE","@id":"https:\/\/deutschedigitalassets.com\/products\/qs\/dda-profiled-crypto-strategies\/#primaryimage","url":"https:\/\/deutschedigitalassets.com\/wp-content\/uploads\/2024\/11\/QS-Awards-Icon-N2-300x300.png","contentUrl":"https:\/\/deutschedigitalassets.com\/wp-content\/uploads\/2024\/11\/QS-Awards-Icon-N2-300x300.png"},{"@type":"BreadcrumbList","@id":"https:\/\/deutschedigitalassets.com\/products\/qs\/dda-profiled-crypto-strategies\/#breadcrumb","itemListElement":[{"@type":"ListItem","position":1,"name":"Home","item":"https:\/\/deutschedigitalassets.com\/"},{"@type":"ListItem","position":2,"name":"Deutsche Digital Assets Products","item":"https:\/\/deutschedigitalassets.com\/products\/"},{"@type":"ListItem","position":3,"name":"DDA Quantitative Solutions","item":"https:\/\/deutschedigitalassets.com\/?page_id=67"},{"@type":"ListItem","position":4,"name":"DDA Profiled Crypto Strategies"}]},{"@type":"WebSite","@id":"https:\/\/deutschedigitalassets.com\/#website","url":"https:\/\/deutschedigitalassets.com\/","name":"Deutsche Digital Assets","description":"Deutsche Digital Assets","potentialAction":[{"@type":"SearchAction","target":{"@type":"EntryPoint","urlTemplate":"https:\/\/deutschedigitalassets.com\/?s={search_term_string}"},"query-input":{"@type":"PropertyValueSpecification","valueRequired":true,"valueName":"search_term_string"}}],"inLanguage":"de-DE"}]}},"_links":{"self":[{"href":"https:\/\/deutschedigitalassets.com\/de\/wp-json\/wp\/v2\/pages\/77102"}],"collection":[{"href":"https:\/\/deutschedigitalassets.com\/de\/wp-json\/wp\/v2\/pages"}],"about":[{"href":"https:\/\/deutschedigitalassets.com\/de\/wp-json\/wp\/v2\/types\/page"}],"author":[{"embeddable":true,"href":"https:\/\/deutschedigitalassets.com\/de\/wp-json\/wp\/v2\/users\/3"}],"replies":[{"embeddable":true,"href":"https:\/\/deutschedigitalassets.com\/de\/wp-json\/wp\/v2\/comments?post=77102"}],"version-history":[{"count":0,"href":"https:\/\/deutschedigitalassets.com\/de\/wp-json\/wp\/v2\/pages\/77102\/revisions"}],"up":[{"embeddable":true,"href":"https:\/\/deutschedigitalassets.com\/de\/wp-json\/wp\/v2\/pages\/67"}],"wp:attachment":[{"href":"https:\/\/deutschedigitalassets.com\/de\/wp-json\/wp\/v2\/media?parent=77102"}],"curies":[{"name":"wp","href":"https:\/\/api.w.org\/{rel}","templated":true}]}}