{"id":75236,"date":"2022-12-13T15:49:13","date_gmt":"2022-12-13T15:49:13","guid":{"rendered":"https:\/\/deutschedastg.wpengine.com\/?page_id=75236"},"modified":"2024-08-12T11:06:55","modified_gmt":"2024-08-12T11:06:55","slug":"terms-conditions","status":"publish","type":"page","link":"https:\/\/deutschedigitalassets.com\/de\/bedingungen\/","title":{"rendered":"Bedingungen und Konditionen"},"content":{"rendered":"<p><strong>Hinweis: Das Angebot ist derzeit in den folgenden L\u00e4ndern verf\u00fcgbar:<\/strong>&nbsp;<strong>F\u00fcr ETP-Produkte:<\/strong>&nbsp;\u00d6sterreich, Deutschland, die Niederlande, Norwegen, Schweden, Italien, Frankreich, Estland, Polen, die Slowakei, Spanien, Finnland, Griechenland, Portugal, Slowenien, die Tschechische Republik, D\u00e4nemark, \u00d6sterreich, Belgien, Zypern, Irland, die Schweiz, Liechtenstein, Luxemburg und Malta.&nbsp;<\/p>\n\n\n\n<p><strong>Um fortzufahren, lesen Sie bitte die folgenden Nutzungsbedingungen f\u00fcr die Website und stimmen Sie ihnen zu.<\/strong>&nbsp;Diese Website wird von der DDA Europe GmbH als Subdomain einer Website der Deutsche Digital Assets GmbH betrieben, die unter der angemeldeten Marke Deutsche Digital Assets \u00fcber die Emission von Krypto-Asset-Index-Anlageprodukten durch ihre Tochtergesellschaften, wie die DDA ETP GmbH und die DDA ETP AG, informiert. Diese Allgemeinen Gesch\u00e4ftsbedingungen gelten nur f\u00fcr diese von der DDA Europe GmbH betriebene Website. Indem Sie unsere Website weiter nutzen, erkl\u00e4ren Sie, dass Sie die nachstehenden Bedingungen gelesen und akzeptiert haben: Diese Website stellt keine Anlage-, Steuer- oder Rechtsberatung oder -empfehlung dar, sondern dient ausschlie\u00dflich der Information. Einige Inhalte auf dieser Website oder der Zugang zu bestimmten Inhalten auf dieser Website k\u00f6nnen gem\u00e4\u00df den in Ihrem Land geltenden Gesetzen und Vorschriften eingeschr\u00e4nkt sein.&nbsp;<\/p>\n\n\n\n<p><strong>Haftungsausschluss:<\/strong>&nbsp;Diese Website, das Informationsmaterial und die Produktinformationen stellen lediglich eine unverbindliche Vorabinformation dar, die ausschlie\u00dflich Werbezwecken dient und kein Prospekt im Sinne des Europ\u00e4ischen Wertpapierprospektgesetzes, des Investmentgesetzes oder des Kapitalanlagegesetzbuches oder eines entsprechenden ausl\u00e4ndischen Rechts ist. Der Inhalt stellt weder ein Angebot noch eine Aufforderung zur Abgabe eines Angebots zum Erwerb von Wertpapieren dar. Die Informationen auf dieser Website stellen keine Anlageberatung oder Anlageempfehlung dar. Bei der Erstellung dieser Website wurde die gr\u00f6\u00dftm\u00f6gliche Sorgfalt angewandt, jedoch bleiben Irrt\u00fcmer und Auslassungen vorbehalten. Soweit Aussagen gemacht werden, beruhen diese auf Einsch\u00e4tzungen, Wirtschaftsdaten, eigenen Beurteilungen und sind zukunftsgerichtete Aussagen zum Zeitpunkt der Erstellung der Website und k\u00f6nnen \u00c4nderungen unterliegen. Die Kursentwicklung von Kryptow\u00e4hrungen ist sehr volatil und unvorhersehbar und die vergangene Kursentwicklung ist keine Garantie f\u00fcr die zuk\u00fcnftige Kursentwicklung.&nbsp;<\/p>\n\n\n\n<p><strong>Verbreitung von Informationen:<\/strong>&nbsp;In bestimmten L\u00e4ndern kann die Verbreitung der Informationen und Materialien auf dieser Website gesetzlich eingeschr\u00e4nkt sein. Keine der Informationen richtet sich an eine Person oder Einrichtung in einem Land (aufgrund der Staatsangeh\u00f6rigkeit, des Wohnsitzes, des Sitzes oder des eingetragenen Firmensitzes), in dem die Ver\u00f6ffentlichung, Verteilung oder Nutzung dieser Informationen gegen die \u00f6rtlichen Gesetze oder Vorschriften versto\u00dfen w\u00fcrde, und ist auch nicht f\u00fcr die Verteilung an oder die Nutzung durch diese Person oder Einrichtung bestimmt. Sie m\u00fcssen sich selbst \u00fcber solche Beschr\u00e4nkungen in Ihrer Rechtsordnung informieren und diese beachten. Die Informationen auf dieser Website sind nicht zur Weitergabe bestimmt. Indem Sie diese Bedingungen akzeptieren, best\u00e4tigen Sie, dass Sie gem\u00e4\u00df den f\u00fcr Sie geltenden Gesetzen und Vorschriften (sei es die Gerichtsbarkeit Ihrer Staatsangeh\u00f6rigkeit, Ihres Wohnsitzes, des Sitzes des Unternehmens, das Sie vertreten, oder des aktuellen physischen Standorts) auf diese Website zugreifen d\u00fcrfen.&nbsp;<\/p>\n\n\n\n<p><strong>Kein Vertrag<\/strong>&nbsp;Die Nutzung dieser Website begr\u00fcndet kein wie auch immer geartetes Vertragsverh\u00e4ltnis zwischen Ihnen und DDA Europe GmbH, DDA ETP GmbH, DDA ETP AG oder einem anderen Emittenten. Dementsprechend ergeben sich aus dem Besuch dieser Website keine vertraglichen Anspr\u00fcche gegen die vorgenannten Unternehmen oder andere Emittenten.&nbsp;<\/p>\n\n\n\n<p><strong>Kein Angebot<\/strong>&nbsp;Der Inhalt dieser Website ist nicht als Angebot zum Kauf von Produkten oder Wertpapieren, wie sie auf dieser Website beschrieben sind, zu verstehen. Die auf dieser Website ver\u00f6ffentlichten Preise, Bewertungen und sonstigen Informationen sind indikativ und dienen nur zu Informationszwecken. Jede Person, die auf dieser Website beschriebene Wertpapiere anbietet, muss - Beschr\u00e4nkungen bei der Verwendung von Informationen gem\u00e4\u00df diesen Gesch\u00e4ftsbedingungen - alle Beschr\u00e4nkungen, die durch einen Prospekt auferlegt werden, der in Bezug auf die beschriebenen Wertpapiere ver\u00f6ffentlicht wird - und alle Beschr\u00e4nkungen, die durch geltende Gesetze und Vorschriften auferlegt werden, einschlie\u00dflich und ohne Einschr\u00e4nkung Beschr\u00e4nkungen, die durch die EU-Prospektverordnung (VERORDNUNG (EU) 2017\/1129 DES EUROP\u00c4ISCHEN PARLAMENTS UND DES RATES vom 14. Juni 2017) auferlegt werden, beachten und strikt einhalten.&nbsp;<\/p>\n\n\n\n<p><strong>Autorisierte Investoren<\/strong>&nbsp;Die auf dieser Website beschriebenen Wertpapiere werden m\u00f6glicherweise nicht in allen L\u00e4ndern zum Verkauf angeboten und sind in jedem Fall Anlegern vorbehalten, die zum Kauf der Wertpapiere berechtigt sind. Die f\u00fcr bestimmte Produkte geltenden Verkaufsbeschr\u00e4nkungen sind im jeweiligen Prospekt dargelegt und sollten von den Anlegern sorgf\u00e4ltig gelesen werden. Die im jeweiligen Prospekt auferlegten Beschr\u00e4nkungen gelten zus\u00e4tzlich zu und unbeschadet von Beschr\u00e4nkungen oder Verboten, die durch Gesetze oder Vorschriften einer beliebigen Rechtsordnung festgelegt sind.&nbsp;<\/p>\n\n\n\n<p><strong>Vereinigte Staaten Personen und juristische Personen mit Wohnsitz in den Vereinigten Staaten<\/strong>&nbsp;Die von der DDA Europe GmbH, der DDA ETP GmbH, der DDA ETP AG oder einem anderen Emittenten ausgegebenen Wertpapiere wurden nicht gem\u00e4\u00df dem U.S. Securities Act von 1933 in der jeweils g\u00fcltigen Fassung (der \"Securities Act\") registriert. Die Schuldverschreibungen werden au\u00dferhalb der Vereinigten Staaten von Amerika (die \"Vereinigten Staaten\" oder \"U.S.\") in \u00dcbereinstimmung mit Regulation S des Securities Act (\"Regulation S\") angeboten und d\u00fcrfen in den Vereinigten Staaten nicht angeboten, verkauft oder geliefert werden, es sei denn, es liegt eine Ausnahme von den Registrierungserfordernissen des Securities Act vor oder es handelt sich um eine Transaktion, die nicht den Registrierungserfordernissen des Securities Act unterliegt. Die auf dieser Website bereitgestellten Informationen richten sich nicht an nat\u00fcrliche oder juristische Personen der Vereinigten Staaten oder eines ihrer Bundesstaaten oder eines ihrer Territorien oder Besitzungen. U.S. PERSONEN (WIE IN REGULATION S DEFINIERT) UND JURISTISCHE PERSONEN MIT WOHNSITZ IN DEN VEREINIGTEN STAATEN D\u00dcRFEN DIESE WEBSITE NICHT AUFRUFEN. Die Informationen auf dieser Website d\u00fcrfen nicht in den Vereinigten Staaten oder in einem anderen Land, in dem dies nicht zul\u00e4ssig ist, verbreitet oder weiterverteilt werden.&nbsp;<\/p>\n\n\n\n<p><strong>Ausschluss der Haftung f\u00fcr Inhalte<\/strong>&nbsp;Die Informationen auf der Website wurden nach bestem Wissen und Gewissen erstellt und es wurden alle Anstrengungen unternommen, um ihre Richtigkeit zu gew\u00e4hrleisten. Dennoch haftet die DDA Europe GmbH nicht f\u00fcr Verluste, die sich direkt oder indirekt aus dem Vertrauen auf einen Teil der Website ergeben, und sie \u00fcbernimmt keine Garantie f\u00fcr die Richtigkeit der Informationen oder Inhalte der Website. Die f\u00fcr die Anleger geltenden Wertpapierbedingungen werden im jeweiligen Prospekt dargelegt, der auf der Website verf\u00fcgbar ist, und sollten vor einer Anlage gelesen werden.&nbsp;<\/p>\n\n\n\n<p><strong>Risikowarnungen<\/strong>&nbsp;Bitte beachten Sie immer Folgendes: -Eine Investition in Produkte, die auf dieser Website und den dazugeh\u00f6rigen Dokumenten dargestellt sind, kann zu einem Totalverlust f\u00fchren. -Die Kursentwicklung von Kryptow\u00e4hrungen ist sehr volatil und unvorhersehbar. Ihr Kapital ist in Gefahr, Sie k\u00f6nnen Ihre gesamte Investition verlieren. -Die Kursentwicklung in der Vergangenheit ist keine Garantie f\u00fcr die zuk\u00fcnftige Kursentwicklung. -Wechselkurse k\u00f6nnen den Wert von Investitionen beeinflussen. -Antr\u00e4ge auf Investitionen in Wertpapiere, auf die auf dieser Website verwiesen wird, d\u00fcrfen nur auf der Grundlage des jeweiligen Prospekts gestellt werden. -Anleger sollten vor einer Anlage den Abschnitt \"Risikofaktoren\" im jeweiligen Prospekt lesen, um weitere Einzelheiten zu diesen und anderen Risiken im Zusammenhang mit einer Anlage in die von den Emittenten angebotenen Wertpapiere zu erfahren.&nbsp;<\/p>\n\n\n\n<p><strong>\u00c4nderungen der Bedingungen f\u00fcr die Nutzung der Website<\/strong>&nbsp;Die DDA Europe GmbH beh\u00e4lt sich das Recht vor, diese Bedingungen nach eigenem Ermessen und ohne vorherige Ank\u00fcndigung jederzeit zu \u00e4ndern, zu erg\u00e4nzen oder zu ersetzen.&nbsp;<\/p>\n\n\n\n<p><strong>Urheberrecht<\/strong>&nbsp;Der Service und seine urspr\u00fcnglichen Inhalte, Merkmale, sein Design und seine Funktionalit\u00e4t sind und bleiben das ausschlie\u00dfliche Eigentum der Deutsche Digital Assets GmbH und ihrer Lizenzgeber. Der Service ist durch Urheberrecht, Markenrecht und andere Gesetze sowohl in Deutschland als auch im Ausland gesch\u00fctzt. Die Marken und die Aufmachung d\u00fcrfen ohne die vorherige schriftliche Zustimmung der Deutsche Digital Assets GmbH nicht in Verbindung mit einem Produkt oder einer Dienstleistung verwendet werden.&nbsp;<\/p>\n\n\n\n<p><strong>Politik zum Datenschutz<\/strong>&nbsp;Die DDA Europe GmbH respektiert die Privatsph\u00e4re der Nutzer. Pers\u00f6nliche Daten, die beim Besuch der Website erhoben werden, werden gem\u00e4\u00df den Anforderungen der GDPR oder gleichwertiger nationaler Gesetze verarbeitet. Einzelheiten zum Datenschutz finden Sie in unserer <a style=\"color:#FCD430;font-weight:bold\" href=\"https:\/\/deutschedigitalassets.com\/de\/datenschutzbestimmungen\/\" target=\"_blank\" rel=\"noreferrer noopener\">Datenschutzbestimmungen<\/a><\/p>\n\n\n\n<p><strong>Links zu anderen Websites<\/strong>&nbsp;Unser Service kann Links zu Websites oder Diensten Dritter enthalten, die nicht im Besitz oder unter der Kontrolle der DDA Europe GmbH oder einer anderen DDA-Einheit sind, und wir haben keine Kontrolle \u00fcber und \u00fcbernehmen keine Verantwortung f\u00fcr den Inhalt, die Datenschutzrichtlinien oder die Praktiken von Websites oder Diensten Dritter. Sie erkennen ferner an und erkl\u00e4ren sich damit einverstanden, dass die DDA Europe GmbH oder eine andere DDA-Einheit weder direkt noch indirekt f\u00fcr Sch\u00e4den oder Verluste verantwortlich oder haftbar ist, die durch oder in Verbindung mit der Nutzung von oder dem Vertrauen auf solche Inhalte, Waren oder Dienste, die auf oder \u00fcber solche Websites oder Dienste verf\u00fcgbar sind, verursacht wurden oder angeblich verursacht wurden. Wir raten Ihnen dringend, die Allgemeinen Gesch\u00e4ftsbedingungen und Datenschutzrichtlinien der von Ihnen besuchten Websites oder Dienste Dritter zu lesen.&nbsp;<\/p>\n\n\n\n<p><strong>Cookies<\/strong>&nbsp;Die DDA Europe GmbH verwendet \"Cookies\", um Daten \u00fcber Ihren Computer zu sammeln, einschlie\u00dflich, soweit verf\u00fcgbar, Ihrer IP-Adresse, Ihres Betriebssystems und Ihres Browsertyps, um die Website zu verbessern, das System zu verwalten und andere \u00e4hnliche Zwecke zu verfolgen. Cookies sind Dateien mit kleinen Datenmengen, die eine anonyme eindeutige Kennung enthalten k\u00f6nnen. Cookies werden von einer Website an Ihren Browser gesendet und auf der Festplatte Ihres Computers gespeichert. Sie k\u00f6nnen Ihren Browser so einstellen, dass er alle Cookies ablehnt oder anzeigt, wenn ein Cookie gesendet wird. Wenn Sie jedoch keine Cookies akzeptieren, k\u00f6nnen Sie m\u00f6glicherweise einige Teile unseres Dienstes nicht nutzen.&nbsp;<\/p>\n\n\n\n<p><strong>Geltendes Recht und Gerichtsstand<\/strong>&nbsp;Diese Bedingungen unterliegen den Gesetzen von Frankfurt am Main, Deutschland, ohne Ber\u00fccksichtigung der Bestimmungen des Kollisionsrechts. DDA Europe GmbH ist eine Tochtergesellschaft der Deutsche Digital Assets GmbH, eingetragen beim Amtsgericht Frankfurt am Main, Registernummer HBR 116742, Sitz Neue Mainzer Stra\u00dfe 66-68, 60311 Frankfurt am Main, Deutschland.<\/p>","protected":false},"excerpt":{"rendered":"<p>Note: The offer is currently available in the following countries:&nbsp;For ETP Products:&nbsp;Austria, Germany, the Netherlands, Norway, Sweden, Italy, France, Estonia, Poland, Slovakia, Spain, Finland, Greece, Portugal, Slovenia, the Czech Republic, Denmark, Austria, Belgium, Cyprus, Ireland, Switzerland, Liechtenstein, Luxembourg and Malta.&nbsp; To continue, please read the following terms of use for the website and agree to [&hellip;]<\/p>","protected":false},"author":3,"featured_media":0,"parent":0,"menu_order":0,"comment_status":"closed","ping_status":"closed","template":"","meta":{"_acf_changed":false,"_monsterinsights_skip_tracking":false,"_monsterinsights_sitenote_active":false,"_monsterinsights_sitenote_note":"","_monsterinsights_sitenote_category":0,"footnotes":""},"acf":[],"yoast_head":"<!-- This site is optimized with the Yoast SEO Premium plugin v19.5 (Yoast SEO v23.6) - https:\/\/yoast.com\/wordpress\/plugins\/seo\/ -->\n<title>Terms &amp; Conditions - Deutsche Digital Assets<\/title>\n<meta name=\"robots\" content=\"index, follow, max-snippet:-1, max-image-preview:large, max-video-preview:-1\" \/>\n<link rel=\"canonical\" href=\"https:\/\/deutschedigitalassets.com\/de\/bedingungen\/\" \/>\n<meta property=\"og:locale\" content=\"de_DE\" \/>\n<meta property=\"og:type\" content=\"article\" \/>\n<meta property=\"og:title\" content=\"Terms &amp; Conditions\" \/>\n<meta property=\"og:description\" content=\"Note: The offer is currently available in the following countries:&nbsp;For ETP Products:&nbsp;Austria, Germany, the Netherlands, Norway, Sweden, Italy, France, Estonia, Poland, Slovakia, Spain, Finland, Greece, Portugal, Slovenia, the Czech Republic, Denmark, Austria, Belgium, Cyprus, Ireland, Switzerland, Liechtenstein, Luxembourg and Malta.&nbsp; To continue, please read the following terms of use for the website and agree to [&hellip;]\" \/>\n<meta property=\"og:url\" content=\"https:\/\/deutschedigitalassets.com\/de\/bedingungen\/\" \/>\n<meta property=\"og:site_name\" content=\"Deutsche Digital Assets\" \/>\n<meta property=\"article:modified_time\" content=\"2024-08-12T11:06:55+00:00\" \/>\n<meta name=\"twitter:card\" content=\"summary_large_image\" \/>\n<meta name=\"twitter:label1\" content=\"Gesch\u00e4tzte Lesezeit\" \/>\n\t<meta name=\"twitter:data1\" content=\"7 Minuten\" \/>\n<script type=\"application\/ld+json\" class=\"yoast-schema-graph\">{\"@context\":\"https:\/\/schema.org\",\"@graph\":[{\"@type\":\"WebPage\",\"@id\":\"https:\/\/deutschedigitalassets.com\/terms-conditions\/\",\"url\":\"https:\/\/deutschedigitalassets.com\/terms-conditions\/\",\"name\":\"Terms & Conditions - Deutsche Digital Assets\",\"isPartOf\":{\"@id\":\"https:\/\/deutschedigitalassets.com\/#website\"},\"datePublished\":\"2022-12-13T15:49:13+00:00\",\"dateModified\":\"2024-08-12T11:06:55+00:00\",\"breadcrumb\":{\"@id\":\"https:\/\/deutschedigitalassets.com\/terms-conditions\/#breadcrumb\"},\"inLanguage\":\"de-DE\",\"potentialAction\":[{\"@type\":\"ReadAction\",\"target\":[\"https:\/\/deutschedigitalassets.com\/terms-conditions\/\"]}]},{\"@type\":\"BreadcrumbList\",\"@id\":\"https:\/\/deutschedigitalassets.com\/terms-conditions\/#breadcrumb\",\"itemListElement\":[{\"@type\":\"ListItem\",\"position\":1,\"name\":\"Home\",\"item\":\"https:\/\/deutschedigitalassets.com\/\"},{\"@type\":\"ListItem\",\"position\":2,\"name\":\"Terms &#038; Conditions\"}]},{\"@type\":\"WebSite\",\"@id\":\"https:\/\/deutschedigitalassets.com\/#website\",\"url\":\"https:\/\/deutschedigitalassets.com\/\",\"name\":\"Deutsche Digital Assets\",\"description\":\"Deutsche Digital Assets\",\"potentialAction\":[{\"@type\":\"SearchAction\",\"target\":{\"@type\":\"EntryPoint\",\"urlTemplate\":\"https:\/\/deutschedigitalassets.com\/?s={search_term_string}\"},\"query-input\":{\"@type\":\"PropertyValueSpecification\",\"valueRequired\":true,\"valueName\":\"search_term_string\"}}],\"inLanguage\":\"de-DE\"}]}<\/script>\n<!-- \/ Yoast SEO Premium plugin. -->","yoast_head_json":{"title":"Terms & Conditions - Deutsche Digital Assets","robots":{"index":"index","follow":"follow","max-snippet":"max-snippet:-1","max-image-preview":"max-image-preview:large","max-video-preview":"max-video-preview:-1"},"canonical":"https:\/\/deutschedigitalassets.com\/de\/bedingungen\/","og_locale":"de_DE","og_type":"article","og_title":"Terms & Conditions","og_description":"Note: The offer is currently available in the following countries:&nbsp;For ETP Products:&nbsp;Austria, Germany, the Netherlands, Norway, Sweden, Italy, France, Estonia, Poland, Slovakia, Spain, Finland, Greece, Portugal, Slovenia, the Czech Republic, Denmark, Austria, Belgium, Cyprus, Ireland, Switzerland, Liechtenstein, Luxembourg and Malta.&nbsp; To continue, please read the following terms of use for the website and agree to [&hellip;]","og_url":"https:\/\/deutschedigitalassets.com\/de\/bedingungen\/","og_site_name":"Deutsche Digital Assets","article_modified_time":"2024-08-12T11:06:55+00:00","twitter_card":"summary_large_image","twitter_misc":{"Gesch\u00e4tzte Lesezeit":"7 Minuten"},"schema":{"@context":"https:\/\/schema.org","@graph":[{"@type":"WebPage","@id":"https:\/\/deutschedigitalassets.com\/terms-conditions\/","url":"https:\/\/deutschedigitalassets.com\/terms-conditions\/","name":"Terms & Conditions - Deutsche Digital Assets","isPartOf":{"@id":"https:\/\/deutschedigitalassets.com\/#website"},"datePublished":"2022-12-13T15:49:13+00:00","dateModified":"2024-08-12T11:06:55+00:00","breadcrumb":{"@id":"https:\/\/deutschedigitalassets.com\/terms-conditions\/#breadcrumb"},"inLanguage":"de-DE","potentialAction":[{"@type":"ReadAction","target":["https:\/\/deutschedigitalassets.com\/terms-conditions\/"]}]},{"@type":"BreadcrumbList","@id":"https:\/\/deutschedigitalassets.com\/terms-conditions\/#breadcrumb","itemListElement":[{"@type":"ListItem","position":1,"name":"Home","item":"https:\/\/deutschedigitalassets.com\/"},{"@type":"ListItem","position":2,"name":"Terms &#038; Conditions"}]},{"@type":"WebSite","@id":"https:\/\/deutschedigitalassets.com\/#website","url":"https:\/\/deutschedigitalassets.com\/","name":"Deutsche Digital Assets","description":"Deutsche Digital Assets","potentialAction":[{"@type":"SearchAction","target":{"@type":"EntryPoint","urlTemplate":"https:\/\/deutschedigitalassets.com\/?s={search_term_string}"},"query-input":{"@type":"PropertyValueSpecification","valueRequired":true,"valueName":"search_term_string"}}],"inLanguage":"de-DE"}]}},"_links":{"self":[{"href":"https:\/\/deutschedigitalassets.com\/de\/wp-json\/wp\/v2\/pages\/75236"}],"collection":[{"href":"https:\/\/deutschedigitalassets.com\/de\/wp-json\/wp\/v2\/pages"}],"about":[{"href":"https:\/\/deutschedigitalassets.com\/de\/wp-json\/wp\/v2\/types\/page"}],"author":[{"embeddable":true,"href":"https:\/\/deutschedigitalassets.com\/de\/wp-json\/wp\/v2\/users\/3"}],"replies":[{"embeddable":true,"href":"https:\/\/deutschedigitalassets.com\/de\/wp-json\/wp\/v2\/comments?post=75236"}],"version-history":[{"count":0,"href":"https:\/\/deutschedigitalassets.com\/de\/wp-json\/wp\/v2\/pages\/75236\/revisions"}],"wp:attachment":[{"href":"https:\/\/deutschedigitalassets.com\/de\/wp-json\/wp\/v2\/media?parent=75236"}],"curies":[{"name":"wp","href":"https:\/\/api.w.org\/{rel}","templated":true}]}}