{"id":74901,"date":"2022-12-08T08:19:02","date_gmt":"2022-12-08T08:19:02","guid":{"rendered":"https:\/\/deutschedastg.wpengine.com\/?page_id=74901"},"modified":"2025-01-06T20:03:10","modified_gmt":"2025-01-06T20:03:10","slug":"imprint","status":"publish","type":"page","link":"https:\/\/deutschedigitalassets.com\/de\/impressum\/","title":{"rendered":"Impressum"},"content":{"rendered":"<div style=\"height:100px\" aria-hidden=\"true\" class=\"wp-block-spacer\"><\/div>\n\n\n\n<h2 class=\"wp-block-heading\" id=\"h-imprint\">Impressum<\/h2>\n\n\n\n<p><\/p>\n\n\n\n<h5 class=\"wp-block-heading\" id=\"h-company\">Unternehmen<\/h5>\n\n\n\n<p>Deutsche Digital Assets GmbH<\/p>\n\n\n\n<h5 class=\"wp-block-heading\" id=\"h-address\"><strong>Anschrift:<\/strong><\/h5>\n\n\n\n<p>Neue Mainzer Stra\u00dfe 66-68, <\/p>\n\n\n\n<p>60311, Frankfurt am Main, Deutschland<\/p>\n\n\n\n<h5 class=\"wp-block-heading\" id=\"h-contact\"><strong>Kontakt:<\/strong><\/h5>\n\n\n\n<p>Telefon: +49 (0)69 58996558<\/p>\n\n\n\n<p>E-Mail: contact@deutschedigitalassets.com<\/p>\n\n\n\n<h5 class=\"wp-block-heading\" id=\"h-represented-by\"><strong>Vertreten durch:<\/strong><\/h5>\n\n\n\n<p>Gesch\u00e4ftsf\u00fchrende Direktoren (Gesch\u00e4ftsf\u00fchrer): Maximilian Lautenschl\u00e4ger, Dr. Jens Bernhardt<\/p>\n\n\n\n<h5 class=\"wp-block-heading\" id=\"h-incorporation-data\"><strong>Daten zur Eingliederung:<\/strong><\/h5>\n\n\n\n<p>HRB 109756<\/p>\n\n\n\n<h5 class=\"wp-block-heading\" id=\"h-vat-id\"><strong>MEHRWERTSTEUER<\/strong> ID<\/h5>\n\n\n\n<p>DE317065484<\/p>\n\n\n\n<h5 class=\"wp-block-heading\" id=\"h-copyright-information\"><strong>Informationen zum Urheberrecht<\/strong><\/h5>\n\n\n\n<p>Der Service und seine urspr\u00fcnglichen Inhalte (mit Ausnahme der von Nutzern bereitgestellten Inhalte), Merkmale und Funktionen sind und bleiben das ausschlie\u00dfliche Eigentum der Deutsche Digital Assets GmbH und ihrer Lizenzgeber. Der Service ist durch Urheberrecht, Markenrecht und andere Gesetze sowohl in Deutschland als auch im Ausland gesch\u00fctzt. Unsere Marken und unser Markendesign d\u00fcrfen ohne die vorherige schriftliche Zustimmung der Deutsche Digital Assets GmbH nicht in Verbindung mit einem Produkt oder einer Dienstleistung verwendet werden.<\/p>\n\n\n\n<div style=\"height:100px\" aria-hidden=\"true\" class=\"wp-block-spacer\"><\/div>","protected":false},"excerpt":{"rendered":"<p>Imprint Company Deutsche Digital Assets GmbH Address: Neue Mainzer Stra\u00dfe 66-68, 60311, Frankfurt am Main, Germany Contact: Telephone: +49 (0)69 58996558 E-Mail:&nbsp;contact@deutschedigitalassets.com Represented by: Managing Directors (&#8220;Gesch\u00e4ftsf\u00fchrer&#8221;): Maximilian Lautenschl\u00e4ger, Dr. Jens Bernhardt Incorporation data: HRB 109756 VAT ID DE317065484 Copyright Information The Service and its original content (excluding Content provided by users), features and functionality [&hellip;]<\/p>","protected":false},"author":6,"featured_media":0,"parent":0,"menu_order":0,"comment_status":"closed","ping_status":"closed","template":"","meta":{"_acf_changed":false,"_monsterinsights_skip_tracking":false,"_monsterinsights_sitenote_active":false,"_monsterinsights_sitenote_note":"","_monsterinsights_sitenote_category":0,"footnotes":""},"acf":[],"yoast_head":"<!-- This site is optimized with the Yoast SEO Premium plugin v19.5 (Yoast SEO v23.6) - https:\/\/yoast.com\/wordpress\/plugins\/seo\/ -->\n<title>Imprint - Deutsche Digital Assets<\/title>\n<meta name=\"robots\" content=\"index, follow, max-snippet:-1, max-image-preview:large, max-video-preview:-1\" \/>\n<link rel=\"canonical\" href=\"https:\/\/deutschedigitalassets.com\/de\/impressum\/\" \/>\n<meta property=\"og:locale\" content=\"de_DE\" \/>\n<meta property=\"og:type\" content=\"article\" \/>\n<meta property=\"og:title\" content=\"Imprint\" \/>\n<meta property=\"og:description\" content=\"Imprint Company Deutsche Digital Assets GmbH Address: Neue Mainzer Stra\u00dfe 66-68, 60311, Frankfurt am Main, Germany Contact: Telephone: +49 (0)69 58996558 E-Mail:&nbsp;contact@deutschedigitalassets.com Represented by: Managing Directors (&#8220;Gesch\u00e4ftsf\u00fchrer&#8221;): Maximilian Lautenschl\u00e4ger, Dr. Jens Bernhardt Incorporation data: HRB 109756 VAT ID DE317065484 Copyright Information The Service and its original content (excluding Content provided by users), features and functionality [&hellip;]\" \/>\n<meta property=\"og:url\" content=\"https:\/\/deutschedigitalassets.com\/de\/impressum\/\" \/>\n<meta property=\"og:site_name\" content=\"Deutsche Digital Assets\" \/>\n<meta property=\"article:modified_time\" content=\"2025-01-06T20:03:10+00:00\" \/>\n<meta name=\"twitter:card\" content=\"summary_large_image\" \/>\n<meta name=\"twitter:label1\" content=\"Gesch\u00e4tzte Lesezeit\" \/>\n\t<meta name=\"twitter:data1\" content=\"1 Minute\" \/>\n<script type=\"application\/ld+json\" class=\"yoast-schema-graph\">{\"@context\":\"https:\/\/schema.org\",\"@graph\":[{\"@type\":\"WebPage\",\"@id\":\"https:\/\/deutschedigitalassets.com\/imprint\/\",\"url\":\"https:\/\/deutschedigitalassets.com\/imprint\/\",\"name\":\"Imprint - Deutsche Digital Assets\",\"isPartOf\":{\"@id\":\"https:\/\/deutschedigitalassets.com\/#website\"},\"datePublished\":\"2022-12-08T08:19:02+00:00\",\"dateModified\":\"2025-01-06T20:03:10+00:00\",\"breadcrumb\":{\"@id\":\"https:\/\/deutschedigitalassets.com\/imprint\/#breadcrumb\"},\"inLanguage\":\"de-DE\",\"potentialAction\":[{\"@type\":\"ReadAction\",\"target\":[\"https:\/\/deutschedigitalassets.com\/imprint\/\"]}]},{\"@type\":\"BreadcrumbList\",\"@id\":\"https:\/\/deutschedigitalassets.com\/imprint\/#breadcrumb\",\"itemListElement\":[{\"@type\":\"ListItem\",\"position\":1,\"name\":\"Home\",\"item\":\"https:\/\/deutschedigitalassets.com\/\"},{\"@type\":\"ListItem\",\"position\":2,\"name\":\"Imprint\"}]},{\"@type\":\"WebSite\",\"@id\":\"https:\/\/deutschedigitalassets.com\/#website\",\"url\":\"https:\/\/deutschedigitalassets.com\/\",\"name\":\"Deutsche Digital Assets\",\"description\":\"Deutsche Digital Assets\",\"potentialAction\":[{\"@type\":\"SearchAction\",\"target\":{\"@type\":\"EntryPoint\",\"urlTemplate\":\"https:\/\/deutschedigitalassets.com\/?s={search_term_string}\"},\"query-input\":{\"@type\":\"PropertyValueSpecification\",\"valueRequired\":true,\"valueName\":\"search_term_string\"}}],\"inLanguage\":\"de-DE\"}]}<\/script>\n<!-- \/ Yoast SEO Premium plugin. -->","yoast_head_json":{"title":"Imprint - Deutsche Digital Assets","robots":{"index":"index","follow":"follow","max-snippet":"max-snippet:-1","max-image-preview":"max-image-preview:large","max-video-preview":"max-video-preview:-1"},"canonical":"https:\/\/deutschedigitalassets.com\/de\/impressum\/","og_locale":"de_DE","og_type":"article","og_title":"Imprint","og_description":"Imprint Company Deutsche Digital Assets GmbH Address: Neue Mainzer Stra\u00dfe 66-68, 60311, Frankfurt am Main, Germany Contact: Telephone: +49 (0)69 58996558 E-Mail:&nbsp;contact@deutschedigitalassets.com Represented by: Managing Directors (&#8220;Gesch\u00e4ftsf\u00fchrer&#8221;): Maximilian Lautenschl\u00e4ger, Dr. Jens Bernhardt Incorporation data: HRB 109756 VAT ID DE317065484 Copyright Information The Service and its original content (excluding Content provided by users), features and functionality [&hellip;]","og_url":"https:\/\/deutschedigitalassets.com\/de\/impressum\/","og_site_name":"Deutsche Digital Assets","article_modified_time":"2025-01-06T20:03:10+00:00","twitter_card":"summary_large_image","twitter_misc":{"Gesch\u00e4tzte Lesezeit":"1 Minute"},"schema":{"@context":"https:\/\/schema.org","@graph":[{"@type":"WebPage","@id":"https:\/\/deutschedigitalassets.com\/imprint\/","url":"https:\/\/deutschedigitalassets.com\/imprint\/","name":"Imprint - Deutsche Digital Assets","isPartOf":{"@id":"https:\/\/deutschedigitalassets.com\/#website"},"datePublished":"2022-12-08T08:19:02+00:00","dateModified":"2025-01-06T20:03:10+00:00","breadcrumb":{"@id":"https:\/\/deutschedigitalassets.com\/imprint\/#breadcrumb"},"inLanguage":"de-DE","potentialAction":[{"@type":"ReadAction","target":["https:\/\/deutschedigitalassets.com\/imprint\/"]}]},{"@type":"BreadcrumbList","@id":"https:\/\/deutschedigitalassets.com\/imprint\/#breadcrumb","itemListElement":[{"@type":"ListItem","position":1,"name":"Home","item":"https:\/\/deutschedigitalassets.com\/"},{"@type":"ListItem","position":2,"name":"Imprint"}]},{"@type":"WebSite","@id":"https:\/\/deutschedigitalassets.com\/#website","url":"https:\/\/deutschedigitalassets.com\/","name":"Deutsche Digital Assets","description":"Deutsche Digital Assets","potentialAction":[{"@type":"SearchAction","target":{"@type":"EntryPoint","urlTemplate":"https:\/\/deutschedigitalassets.com\/?s={search_term_string}"},"query-input":{"@type":"PropertyValueSpecification","valueRequired":true,"valueName":"search_term_string"}}],"inLanguage":"de-DE"}]}},"_links":{"self":[{"href":"https:\/\/deutschedigitalassets.com\/de\/wp-json\/wp\/v2\/pages\/74901"}],"collection":[{"href":"https:\/\/deutschedigitalassets.com\/de\/wp-json\/wp\/v2\/pages"}],"about":[{"href":"https:\/\/deutschedigitalassets.com\/de\/wp-json\/wp\/v2\/types\/page"}],"author":[{"embeddable":true,"href":"https:\/\/deutschedigitalassets.com\/de\/wp-json\/wp\/v2\/users\/6"}],"replies":[{"embeddable":true,"href":"https:\/\/deutschedigitalassets.com\/de\/wp-json\/wp\/v2\/comments?post=74901"}],"version-history":[{"count":0,"href":"https:\/\/deutschedigitalassets.com\/de\/wp-json\/wp\/v2\/pages\/74901\/revisions"}],"wp:attachment":[{"href":"https:\/\/deutschedigitalassets.com\/de\/wp-json\/wp\/v2\/media?parent=74901"}],"curies":[{"name":"wp","href":"https:\/\/api.w.org\/{rel}","templated":true}]}}