{"id":74,"date":"2022-11-10T02:22:14","date_gmt":"2022-11-10T02:22:14","guid":{"rendered":"https:\/\/deutschedastg.wpengine.com\/?page_id=74"},"modified":"2024-11-14T15:30:07","modified_gmt":"2024-11-14T15:30:07","slug":"esg","status":"publish","type":"page","link":"https:\/\/deutschedigitalassets.com\/de\/einblicke\/esg\/","title":{"rendered":"ESG"},"content":{"rendered":"<div class=\"alignfull wp-block-iconic-blocks-hero is-variation-subpage hero-align--left has-sunglow-yellow-background-color\" >\n    <div class=\"hero-content-container\">\n                    <h1 class=\"hero-heading\">\n                \nUmweltauswirkungen von Kryptow\u00e4hrungen             <\/h1>\n                            <p class=\"hero-sub-heading has-subtitle-font-size\">\n                \nNachhaltig in Krypto investieren            <\/p>\n        \n        \n                    <div class=\"product-image-container\">\n                            <\/div>\n            <\/div>\n<\/div>\n\n\n\n<div class=\"wp-block-group alignfull is-layout-flow wp-block-group-is-layout-flow\"><div class=\"alignfull wp-block-iconic-blocks-text-background-image is-variation-style1\">\n    <div class=\"text-background-image-content\">\n                    <h3 class=\"text-background-image-content__heading has-tuna-grey-color\">\n                \nUnser Engagement f\u00fcr nachhaltiges Investieren             <\/h3>\n        \n                    <p class=\"text-background-image-content__text has-tuna-grey-color\"\">\n                \nMit der zunehmenden Popularit\u00e4t und Gr\u00f6\u00dfe der Krypto-Branche wurde die Notwendigkeit erkannt, sich mit den Auswirkungen auf die Umwelt zu befassen, und es wurden immer mehr Anstrengungen unternommen, um nachhaltigere und umweltfreundlichere Technologien, Praktiken und Gesch\u00e4ftsmodelle innerhalb der Branche zu entwickeln.<br>  <br>Um die Auswirkungen abzumildern, hat sich die Deutsche Digital Assets verpflichtet, die von dem <strong>DDA Physical Bitcoin ETP <\/strong>verursachten CO2-Emissionen durch ein umfassendes Kompensationsprogramm auszugleichen. Das Programm finanziert wirkungsorientierte Projekte, die von renommierten Klima- und Naturschutzgruppen gepr\u00fcft und zertifiziert wurden und den CO2-Fu\u00dfabdruck des Produkts effektiv neutralisieren. Lesen Sie weiter, um herauszufinden, wie Sie nachhaltig in Bitcoin investieren k\u00f6nnen.            <\/p>\n        \n                    <div class=\"wp-block-button is-style-secondary_ghost\">\n                \n<a title=\"DDA PHYSISCHE BITCOIN ETP\" href=\"https:\/\/deutschedigitalassets.com\/de\/bitcoin-etp\/\" rel=\"noreferrer noopener\" target=\"_blank\" class=\"wp-block-button__link\">DDA PHYSISCHE BITCOIN ETP<\/a>            <\/div>\n            <\/div>\n    <div class=\"text-background-image-backgrounds\">\n        <div class=\"text-background-image-backgrounds__bg1\"><\/div>\n        <div class=\"text-background-image-backgrounds__bg2\"><\/div>\n    <\/div>\n<\/div><\/div>\n\n\n\n<div style=\"height:150px\" aria-hidden=\"true\" class=\"wp-block-spacer\"><\/div>\n\n\n\n<h3 class=\"wp-block-heading\" id=\"h-methodology-how-to-invest-sustainably-in-bitcoin\">Methodik - Nachhaltig in Bitcoin investieren<\/h3>\n\n\n\n<p>Wir verwenden eine transparente  transaktionsbasierte Methode, die vom <a href=\"https:\/\/www.frankfurt-school.de\/home\/research\/centres\/blockchain\">Frankfurt School Blockchain Center <\/a>(FSBC) entwickelt wurde, um den CO2-Fu\u00dfabdruck des Krypto-Mining-Prozesse in Verbindung mit unseren b\u00f6rsengehandelten Produkten (ETPs) zu ermitteln.<\/p>\n\n\n\n<p><a href=\"https:\/\/intas.tech\/\">intas.tech<\/a>eine Ausgr\u00fcndung von FSBC und <a href=\"https:\/\/plutoneo.com\/\">Plutoneo Consulting,<\/a>berechnet periodisch den CO2-Fu\u00dfabdruck von DDA, so dass diese Emissionen langfristig kompensiert werden k\u00f6nnen. Dies geschieht durch den Kauf von <strong>CO2-Zertifikate <\/strong>die wirkungsorientierte Projekte unterst\u00fctzen, die von renommierten Klima- und Naturschutzverb\u00e4nden gepr\u00fcft und zertifiziert wurden.<\/p>\n\n\n\n<div class=\"wp-block-buttons is-layout-flex wp-block-buttons-is-layout-flex\">\n<div class=\"wp-block-button is-style-secondary_ghost\"><a class=\"wp-block-button__link wp-element-button\" href=\"http:\/\/explore-ip.com\/2021-The-Carbon-Emissions-of-Bitcoin-From-an-Investor-Perspective.pdf\">MEHR \u00dcBER DIE METHODIK ERFAHREN SIE HIER<\/a><\/div>\n<\/div>\n\n\n\n<div style=\"height:150px\" aria-hidden=\"true\" class=\"wp-block-spacer\"><\/div>\n\n\n\n<figure class=\"wp-block-image alignfull size-full\"><img loading=\"lazy\" decoding=\"async\" width=\"1024\" height=\"426\" src=\"https:\/\/deutschedigitalassets.com\/wp-content\/uploads\/2022\/12\/Carbon-Offsetting-min-1024x426-1.png\" alt=\"Nachhaltig in Krypto investieren, DDA Bitcoin ETP\" class=\"wp-image-75020\" srcset=\"https:\/\/deutschedigitalassets.com\/wp-content\/uploads\/2022\/12\/Carbon-Offsetting-min-1024x426-1.png 1024w, https:\/\/deutschedigitalassets.com\/wp-content\/uploads\/2022\/12\/Carbon-Offsetting-min-1024x426-1-300x125.png 300w, https:\/\/deutschedigitalassets.com\/wp-content\/uploads\/2022\/12\/Carbon-Offsetting-min-1024x426-1-768x320.png 768w\" sizes=\"(max-width: 1024px) 100vw, 1024px\" \/><\/figure>\n\n\n\n<div class=\"wp-block-group alignfull is-layout-flow wp-block-group-is-layout-flow\"><div class=\"alignfull wp-block-iconic-blocks-text-background-image is-variation-style3\">\n    <div class=\"text-background-image-content\">\n                    <h3 class=\"text-background-image-content__heading has-tuna-grey-color\">\n                \nProjektdetails            <\/h3>\n        \n                    <p class=\"text-background-image-content__text has-tuna-grey-color\"\">\n                \nAls Krypto- und Digital Asset Manager wollen wir klimafreundliche Investitionen in Krypto-Assets erm\u00f6glichen und Anlegern die M\u00f6glichkeit geben, nachhaltig in Bitcoin zu investieren. Zusammenarbeit mit <strong>Carbon Trade Xchange,<\/strong> der weltweit f\u00fchrenden Spot-Handelsplattform f\u00fcr freiwillige Emissionsgutschriften, haben wir das erste von vielen CO2-neutralen Projekten identifiziert: das Envira-Projekt im brasilianischen Amazonasbecken, ein Projekt zur Reduzierung von Emissionen aus Entwaldung und Waldsch\u00e4digung (REDD-Projekt).<br>  <br>Das Envira-Projekt wird von Verra, dem weltweit f\u00fchrenden freiwilligen Treibhausgasprogramm, entwickelt und nach dem Verified Carbon Standard (VCS) und dem Climate, Community and Biodiversity Standard (CCBS) registriert, um sicherzustellen, dass unsere Ans\u00e4tze zur Kompensation von Kohlenstoff vollst\u00e4ndig umgesetzt werden. Verra pr\u00fcft nicht nur jedes CO2-Projekt bei seiner Einf\u00fchrung, sondern sorgt auch f\u00fcr eine laufende \u00dcberwachung, um sicherzustellen, dass die Standards weiterhin eingehalten werden.<br><br>Vorteile des ersten CO2-Projekts von DDA:<br><br>\u25cf kompensiert rund 12,6 Millionen Tonnen CO2-Emissionen innerhalb eines Zeitraums von zehn Jahren <br>\u25cf rettet bis zu 200.000 Hektar Tropenwald vor der Abholzung <br>\u25cf f\u00f6rdert Biodiversit\u00e4t <br>\u25cf reduziert Armut durch Besch\u00e4ftigung<br>            <\/p>\n        \n                    <div class=\"wp-block-button is-style-secondary_ghost\">\n                \n<a title=\"DIE VOLLST\u00c4NDIGE PROJEKTBESCHREIBUNG HERUNTERLADEN\" href=\"https:\/\/deutschedigitalassets.com\/wp-content\/uploads\/2022\/12\/PROJ_DESC_1382_04APR2015-2-1-1.pdf\" rel=\"\" target=\"\" class=\"wp-block-button__link\">DIE VOLLST\u00c4NDIGE PROJEKTBESCHREIBUNG HERUNTERLADEN<\/a>            <\/div>\n            <\/div>\n    <div class=\"text-background-image-backgrounds\">\n        <div class=\"text-background-image-backgrounds__bg1\"><\/div>\n        <div class=\"text-background-image-backgrounds__bg2\"><\/div>\n    <\/div>\n<\/div><\/div>\n\n\n\n<div style=\"height:150px\" aria-hidden=\"true\" class=\"wp-block-spacer\"><\/div>\n\n\n\n<div class=\"wp-block-group alignfull is-style-text-simple has-white-40-background-color has-background is-layout-constrained wp-block-group-is-layout-constrained\">\n<h3 class=\"wp-block-heading\" id=\"h-how-we-make-dda-physical-bitcoin-etp-carbon-neutral\">Wie wir den DDA Physical Bitcoin ETP klimaneutral gestalten<\/h3>\n\n\n\n<p>DDA kompensiert den fortlaufenden CO2-Fu\u00dfabdruck des <a href=\"https:\/\/deutschedigitalassets.com\/de\/bitcoin-etp\/\">DDA Physical Bitcoin ETP<\/a>und hilft Investoren, ihre Nachhaltigkeitsziele zu erreichen. Nach der transaktionsbasierten Methodik des Frankfurt School Blockchain Centers hat der <a href=\"https:\/\/deutschedigitalassets.com\/de\/bitcoin-etp\/\">DDA Physical Bitcoin ETP<\/a> einen CO2-Fu\u00dfabdruck von etwa:<\/p>\n\n\n\n<ul>\n<li>37 Tonnen Kohlendioxid-\u00c4quivalent (tCO2eq) im analysierten Zeitraum vom 15. April bis 30. Juni 2021 (Q2 2021)<\/li>\n\n\n\n<li>90 Tonnen Kohlendioxid\u00e4quivalent (tCO2eq) f\u00fcr den Zeitraum vom 1. Juli 2021 bis 31. Dezember 2022<\/li>\n<\/ul>\n\n\n\n<p>Seit der Einf\u00fchrung des Produkts Anfang 2021, zusammen mit <a href=\"https:\/\/ctxglobal.com\/\">CTX Kohlenstoffb\u00f6rse<\/a>, einer weltweit f\u00fchrenden Spot-Handelsplattform f\u00fcr freiwillige Emissionsgutschriften, hat die DDA 140 Tonnen Kohlendioxid\u00e4quivalent (tCO2eq) ausgeglichen, indem sie die Emissionsgutschriften dauerhaft aus dem Verkehr gezogen hat (\"retired\").<br><br>Als Krypto- und Digital Asset Manager erm\u00f6glichen wir umweltbewusstes Investieren in Krypto-Assets und bieten nachhaltige Investitionsm\u00f6glichkeiten f\u00fcr alle, die in Bitcoin investieren m\u00f6chten.<\/p>\n\n\n\n<h3 class=\"wp-block-heading has-tuna-grey-color has-text-color\" id=\"h-downloads\">Downloads <\/h3>\n\n\n\n<div class=\"wp-block-buttons is-layout-flex wp-block-buttons-is-layout-flex\">\n<div class=\"wp-block-button has-custom-width wp-block-button__width-50 has-custom-font-size is-style-secondary_ghost has-xs-font-size\"><a class=\"wp-block-button__link wp-element-button\" href=\"\/wp-content\/uploads\/2024\/05\/CarbonTradeXchange_XBTI_2021.pdf\" style=\"border-radius:0px\">&nbsp;Zertifikate f\u00fcr verifizierte Kohlenstoffeinheiten (VCU) Ruhestand 2021<\/a><\/div>\n\n\n\n<div class=\"wp-block-button has-custom-width wp-block-button__width-50 has-custom-font-size is-style-secondary_ghost has-xs-font-size\"><a class=\"wp-block-button__link wp-element-button\" href=\"\/wp-content\/uploads\/2024\/05\/CarbonTradeXchange_XBTI_2022.pdf\" style=\"border-radius:0px\">&nbsp;Zertifikate \u00fcber verifizierte Kohlenstoffeinheiten (VCU) Ruhestand 2022<\/a><\/div>\n\n\n\n<div class=\"wp-block-button has-custom-width wp-block-button__width-50 has-custom-font-size is-style-secondary_ghost has-xs-font-size\"><a class=\"wp-block-button__link wp-element-button\" href=\"https:\/\/deutschedigitalassets.com\/wp-content\/uploads\/2023\/02\/XBTI-Bitcoin-Carbon-Footprint-Analysis.pdf\">Bitcoin Carbon Footprint Analyse 2021<\/a><\/div>\n\n\n\n<div class=\"wp-block-button has-custom-width wp-block-button__width-50 is-style-secondary_ghost\"><a class=\"wp-block-button__link wp-element-button\" href=\"https:\/\/deutschedigitalassets.com\/wp-content\/uploads\/2023\/02\/Bitcoin-Carbon-Footprint-Analysis_Q1-Q4-2021-2022.pdf\">Bitcoin Carbon Footprint Analyse 2022<\/a><\/div>\n<\/div>\n<\/div>\n\n\n\n<div style=\"height:150px\" aria-hidden=\"true\" class=\"wp-block-spacer\"><\/div>\n\n\n\n<div class=\"wp-block-buttons is-layout-flex wp-block-buttons-is-layout-flex\"><\/div>\n\n\n\n<div class=\"wp-block-media-text alignwide is-stacked-on-mobile is-style-full-image\"><figure class=\"wp-block-media-text__media\"><a href=\"http:\/\/explore-ip.com\/2021-The-Carbon-Emissions-of-Bitcoin-From-an-Investor-Perspective.pdf\" target=\"_blank\" rel=\"noreferrer noopener\"><img loading=\"lazy\" decoding=\"async\" width=\"620\" height=\"847\" src=\"https:\/\/deutschedigitalassets.com\/wp-content\/uploads\/2022\/12\/The-Carbon-Emissions-of-Bitcoin-from-an-Investor-Perspective.png\" alt=\"Nachhaltig in Bitcoin investieren\" class=\"wp-image-74988 size-full\" srcset=\"https:\/\/deutschedigitalassets.com\/wp-content\/uploads\/2022\/12\/The-Carbon-Emissions-of-Bitcoin-from-an-Investor-Perspective.png 620w, https:\/\/deutschedigitalassets.com\/wp-content\/uploads\/2022\/12\/The-Carbon-Emissions-of-Bitcoin-from-an-Investor-Perspective-220x300.png 220w\" sizes=\"(max-width: 620px) 100vw, 620px\" \/><\/a><\/figure><div class=\"wp-block-media-text__content\">\n<h3 class=\"wp-block-heading\" id=\"h-about-the-study-carbon-emissions-of-bitcoin-from-an-investor-perspective\">\u00dcber die Studie: CO2-Emissionen von Bitcoin aus der Sicht von Investoren<\/h3>\n\n\n\n<p>In dieser Studie befasst sich das Frankfurt School Blockchain Centre gemeinsam mit intas.tech unter anderem mit einem der gr\u00f6\u00dften Kritikpunkte an Bitcoin - seinem Stromverbrauch. Diese Studie analysiert den aktuellen globalen CO2-Fu\u00dfabdruck, der durch das Bitcoin-Netzwerk verursacht wird, und entwirft einen neuen Ansatz zum Ausgleich der CO2-Emissionen.<\/p>\n\n\n\n<div class=\"wp-block-buttons is-layout-flex wp-block-buttons-is-layout-flex\">\n<div class=\"wp-block-button has-custom-width wp-block-button__width-50 alignleft is-style-primary_ghost\"><a class=\"wp-block-button__link wp-element-button\" href=\"http:\/\/explore-ip.com\/2021-The-Carbon-Emissions-of-Bitcoin-From-an-Investor-Perspective.pdf\">Den Bericht herunterladen<\/a><\/div>\n<\/div>\n<\/div><\/div>\n\n\n\n<div style=\"height:150px\" aria-hidden=\"true\" class=\"wp-block-spacer\"><\/div>\n\n\n\n<div class=\"wp-block-group alignfull is-style-text-simple newsletter has-white-40-background-color has-background is-layout-flow wp-block-group-is-layout-flow\">\n<div class=\"wp-block-columns is-layout-flex wp-container-core-columns-is-layout-1 wp-block-columns-is-layout-flex\">\n<div class=\"wp-block-column is-layout-flow wp-block-column-is-layout-flow\">\n<h3 class=\"wp-block-heading\" id=\"h-subscribe-to-the-dda-newsletter\">Anmeldung zum DDA Newsletter<\/h3>\n\n\n\n<p>Erhalten Sie unser aktuelle <a href=\"https:\/\/deutschedigitalassets.com\/de\/einblicke\/forschung\/\" target=\"_blank\" rel=\"noreferrer noopener\">Researchberichte<\/a>, <a href=\"https:\/\/deutschedigitalassets.com\/de\/einblicke\/\" target=\"_blank\" rel=\"noreferrer noopener\">monatliche Marktanalysen<\/a> und die neuesten Erkenntnisse unserer Experten zu makro\u00f6konomischen und Krypto-Markttrends \u2013 direkt in Ihrer Mailbox.<\/p>\n\n\n\n<div class=\"wp-block-iconic-blocks-infobox-item\">\n<h2 class=\"wp-block-heading\" id=\"h-subscription-benefits\">ABONNEMENTVORTEILE<\/h2>\n\n\n\n<ul>\n<li>Direkter Zugang zu monatlichen und empirischen Researchberichten unserer Experten<\/li>\n\n\n\n<li>Aktuelle Einblicke in Makro-, Industrie- und Krypto Markttrends<\/li>\n\n\n\n<li>Fr\u00fchzeitige Benachrichtigung zu kommenden Webinaren und Veranstaltungen<\/li>\n<\/ul>\n<\/div>\n<\/div>\n\n\n\n<div class=\"wp-block-column is-layout-flow wp-block-column-is-layout-flow\">\n<div class=\"pipedriveWebForms\" data-pd-webforms=\"https:\/\/webforms.pipedrive.com\/f\/72xwpxDojHIzHAqOy1wsoImKtQ3aMK9WBKArjUIhtlLCpf8OtB5N5v2Ncoexy9JTqz\"><script src=\"https:\/\/webforms.pipedrive.com\/f\/loader\"><\/script><\/div>\n<\/div>\n<\/div>\n<\/div>\n\n\n\n<div class=\"wp-block-group alignfull is-style-default is-layout-flow wp-block-group-is-layout-flow\">\n<div class=\"wp-block-iconic-blocks-disclaimer\">\n<p class=\"title\">Disclamer<\/p>\n\n\n\n<p class=\"text\">Dies ist eine Marketingmitteilung. Die in diesem Artikel enthaltenen Materialien und Informationen dienen ausschlie\u00dflich zu Informationszwecken. Die Deutsche Digital Assets GmbH, ihre verbundenen Unternehmen und Tochtergesellschaften (zusammen \"DDA\") fordern nicht zu Handlungen auf der Grundlage dieses Materials auf. Dieser Artikel ist weder eine Anlageberatung noch eine Empfehlung oder Aufforderung zum Kauf von Wertpapieren. Die Wertentwicklung ist unvorhersehbar. Die Wertentwicklung in der Vergangenheit ist daher kein Hinweis auf die zuk\u00fcnftige Wertentwicklung. Sie erkl\u00e4ren sich damit einverstanden, Ihre eigenen Nachforschungen anzustellen und Ihre Sorgfaltspflicht zu erf\u00fcllen, bevor Sie eine Anlageentscheidung in Bezug auf die hier besprochenen Wertpapiere oder Anlagem\u00f6glichkeiten treffen. Unsere Artikel und Berichte enthalten zukunftsgerichtete Aussagen, Sch\u00e4tzungen, Projektionen und Meinungen. Diese k\u00f6nnen sich als wesentlich ungenau erweisen und unterliegen erheblichen Risiken und Unw\u00e4gbarkeiten, die au\u00dferhalb der Kontrolle der Deutsche Digital Assets GmbH liegen. Wir gehen davon aus, dass alle hierin enthaltenen Informationen korrekt und zuverl\u00e4ssig sind und aus \u00f6ffentlichen Quellen stammen. Diese Informationen werden jedoch \"wie besehen\" und ohne jegliche Garantie pr\u00e4sentiert.&nbsp;<\/p>\n<\/div>\n<\/div>","protected":false},"excerpt":{"rendered":"<p>Methodik - Wie man nachhaltig in Bitcoin investiert Wir verwenden eine transaktionsbasierte Methodik, die vom Frankfurt School Blockchain Center (FSBC) entwickelt wurde, um den Kohlenstoff-Fu\u00dfabdruck des Kryptomining-Prozesses in Verbindung mit unseren b\u00f6rsengehandelten Produkten (ETPs) zu bestimmen. Diese Methodik ist derzeit die transparenteste Methode f\u00fcr Inhaber von Bitcoin und Nutzer von [...]<\/p>","protected":false},"author":6,"featured_media":0,"parent":62,"menu_order":0,"comment_status":"closed","ping_status":"closed","template":"","meta":{"_acf_changed":false,"_monsterinsights_skip_tracking":false,"_monsterinsights_sitenote_active":false,"_monsterinsights_sitenote_note":"","_monsterinsights_sitenote_category":0,"footnotes":""},"acf":[],"yoast_head":"<!-- This site is optimized with the Yoast SEO Premium plugin v19.5 (Yoast SEO v23.6) - https:\/\/yoast.com\/wordpress\/plugins\/seo\/ -->\n<title>ESG - Deutsche Digital Assets<\/title>\n<meta name=\"description\" content=\"Invest Sustainably in Bitcoin. DDA offsets carbon emissions generated by its DDA Physical Bitcoin ETP through a carbon offsetting program.\" \/>\n<meta name=\"robots\" content=\"index, follow, max-snippet:-1, max-image-preview:large, max-video-preview:-1\" \/>\n<link rel=\"canonical\" href=\"https:\/\/deutschedigitalassets.com\/de\/einblicke\/esg\/\" \/>\n<meta property=\"og:locale\" content=\"de_DE\" \/>\n<meta property=\"og:type\" content=\"article\" \/>\n<meta property=\"og:title\" content=\"ESG\" \/>\n<meta property=\"og:description\" content=\"Invest Sustainably in Bitcoin. DDA offsets carbon emissions generated by its DDA Physical Bitcoin ETP through a carbon offsetting program.\" \/>\n<meta property=\"og:url\" content=\"https:\/\/deutschedigitalassets.com\/de\/einblicke\/esg\/\" \/>\n<meta property=\"og:site_name\" content=\"Deutsche Digital Assets\" \/>\n<meta property=\"article:modified_time\" content=\"2024-11-14T15:30:07+00:00\" \/>\n<meta property=\"og:image\" content=\"https:\/\/deutschedigitalassets.com\/wp-content\/uploads\/2022\/12\/Carbon-Offsetting-min-1024x426-1.png\" \/>\n\t<meta property=\"og:image:width\" content=\"1024\" \/>\n\t<meta property=\"og:image:height\" content=\"426\" \/>\n\t<meta property=\"og:image:type\" content=\"image\/png\" \/>\n<meta name=\"twitter:card\" content=\"summary_large_image\" \/>\n<meta name=\"twitter:label1\" content=\"Gesch\u00e4tzte Lesezeit\" \/>\n\t<meta name=\"twitter:data1\" content=\"3 Minuten\" \/>\n<script type=\"application\/ld+json\" class=\"yoast-schema-graph\">{\"@context\":\"https:\/\/schema.org\",\"@graph\":[{\"@type\":\"WebPage\",\"@id\":\"https:\/\/deutschedigitalassets.com\/insights\/esg\/\",\"url\":\"https:\/\/deutschedigitalassets.com\/insights\/esg\/\",\"name\":\"ESG - Deutsche Digital Assets\",\"isPartOf\":{\"@id\":\"https:\/\/deutschedigitalassets.com\/#website\"},\"primaryImageOfPage\":{\"@id\":\"https:\/\/deutschedigitalassets.com\/insights\/esg\/#primaryimage\"},\"image\":{\"@id\":\"https:\/\/deutschedigitalassets.com\/insights\/esg\/#primaryimage\"},\"thumbnailUrl\":\"https:\/\/deutschedigitalassets.com\/wp-content\/uploads\/2022\/12\/Carbon-Offsetting-min-1024x426-1.png\",\"datePublished\":\"2022-11-10T02:22:14+00:00\",\"dateModified\":\"2024-11-14T15:30:07+00:00\",\"description\":\"Invest Sustainably in Bitcoin. DDA offsets carbon emissions generated by its DDA Physical Bitcoin ETP through a carbon offsetting program.\",\"breadcrumb\":{\"@id\":\"https:\/\/deutschedigitalassets.com\/insights\/esg\/#breadcrumb\"},\"inLanguage\":\"de-DE\",\"potentialAction\":[{\"@type\":\"ReadAction\",\"target\":[\"https:\/\/deutschedigitalassets.com\/insights\/esg\/\"]}]},{\"@type\":\"ImageObject\",\"inLanguage\":\"de-DE\",\"@id\":\"https:\/\/deutschedigitalassets.com\/insights\/esg\/#primaryimage\",\"url\":\"https:\/\/deutschedigitalassets.com\/wp-content\/uploads\/2022\/12\/Carbon-Offsetting-min-1024x426-1.png\",\"contentUrl\":\"https:\/\/deutschedigitalassets.com\/wp-content\/uploads\/2022\/12\/Carbon-Offsetting-min-1024x426-1.png\"},{\"@type\":\"BreadcrumbList\",\"@id\":\"https:\/\/deutschedigitalassets.com\/insights\/esg\/#breadcrumb\",\"itemListElement\":[{\"@type\":\"ListItem\",\"position\":1,\"name\":\"Home\",\"item\":\"https:\/\/deutschedigitalassets.com\/\"},{\"@type\":\"ListItem\",\"position\":2,\"name\":\"Insights\",\"item\":\"https:\/\/deutschedigitalassets.com\/insights\/\"},{\"@type\":\"ListItem\",\"position\":3,\"name\":\"ESG\"}]},{\"@type\":\"WebSite\",\"@id\":\"https:\/\/deutschedigitalassets.com\/#website\",\"url\":\"https:\/\/deutschedigitalassets.com\/\",\"name\":\"Deutsche Digital Assets\",\"description\":\"Deutsche Digital Assets\",\"potentialAction\":[{\"@type\":\"SearchAction\",\"target\":{\"@type\":\"EntryPoint\",\"urlTemplate\":\"https:\/\/deutschedigitalassets.com\/?s={search_term_string}\"},\"query-input\":{\"@type\":\"PropertyValueSpecification\",\"valueRequired\":true,\"valueName\":\"search_term_string\"}}],\"inLanguage\":\"de-DE\"}]}<\/script>\n<!-- \/ Yoast SEO Premium plugin. -->","yoast_head_json":{"title":"ESG - Deutsche Digital Assets","description":"Invest Sustainably in Bitcoin. DDA offsets carbon emissions generated by its DDA Physical Bitcoin ETP through a carbon offsetting program.","robots":{"index":"index","follow":"follow","max-snippet":"max-snippet:-1","max-image-preview":"max-image-preview:large","max-video-preview":"max-video-preview:-1"},"canonical":"https:\/\/deutschedigitalassets.com\/de\/einblicke\/esg\/","og_locale":"de_DE","og_type":"article","og_title":"ESG","og_description":"Invest Sustainably in Bitcoin. DDA offsets carbon emissions generated by its DDA Physical Bitcoin ETP through a carbon offsetting program.","og_url":"https:\/\/deutschedigitalassets.com\/de\/einblicke\/esg\/","og_site_name":"Deutsche Digital Assets","article_modified_time":"2024-11-14T15:30:07+00:00","og_image":[{"width":1024,"height":426,"url":"https:\/\/deutschedigitalassets.com\/wp-content\/uploads\/2022\/12\/Carbon-Offsetting-min-1024x426-1.png","type":"image\/png"}],"twitter_card":"summary_large_image","twitter_misc":{"Gesch\u00e4tzte Lesezeit":"3 Minuten"},"schema":{"@context":"https:\/\/schema.org","@graph":[{"@type":"WebPage","@id":"https:\/\/deutschedigitalassets.com\/insights\/esg\/","url":"https:\/\/deutschedigitalassets.com\/insights\/esg\/","name":"ESG - Deutsche Digital Assets","isPartOf":{"@id":"https:\/\/deutschedigitalassets.com\/#website"},"primaryImageOfPage":{"@id":"https:\/\/deutschedigitalassets.com\/insights\/esg\/#primaryimage"},"image":{"@id":"https:\/\/deutschedigitalassets.com\/insights\/esg\/#primaryimage"},"thumbnailUrl":"https:\/\/deutschedigitalassets.com\/wp-content\/uploads\/2022\/12\/Carbon-Offsetting-min-1024x426-1.png","datePublished":"2022-11-10T02:22:14+00:00","dateModified":"2024-11-14T15:30:07+00:00","description":"Invest Sustainably in Bitcoin. DDA offsets carbon emissions generated by its DDA Physical Bitcoin ETP through a carbon offsetting program.","breadcrumb":{"@id":"https:\/\/deutschedigitalassets.com\/insights\/esg\/#breadcrumb"},"inLanguage":"de-DE","potentialAction":[{"@type":"ReadAction","target":["https:\/\/deutschedigitalassets.com\/insights\/esg\/"]}]},{"@type":"ImageObject","inLanguage":"de-DE","@id":"https:\/\/deutschedigitalassets.com\/insights\/esg\/#primaryimage","url":"https:\/\/deutschedigitalassets.com\/wp-content\/uploads\/2022\/12\/Carbon-Offsetting-min-1024x426-1.png","contentUrl":"https:\/\/deutschedigitalassets.com\/wp-content\/uploads\/2022\/12\/Carbon-Offsetting-min-1024x426-1.png"},{"@type":"BreadcrumbList","@id":"https:\/\/deutschedigitalassets.com\/insights\/esg\/#breadcrumb","itemListElement":[{"@type":"ListItem","position":1,"name":"Home","item":"https:\/\/deutschedigitalassets.com\/"},{"@type":"ListItem","position":2,"name":"Insights","item":"https:\/\/deutschedigitalassets.com\/insights\/"},{"@type":"ListItem","position":3,"name":"ESG"}]},{"@type":"WebSite","@id":"https:\/\/deutschedigitalassets.com\/#website","url":"https:\/\/deutschedigitalassets.com\/","name":"Deutsche Digital Assets","description":"Deutsche Digital Assets","potentialAction":[{"@type":"SearchAction","target":{"@type":"EntryPoint","urlTemplate":"https:\/\/deutschedigitalassets.com\/?s={search_term_string}"},"query-input":{"@type":"PropertyValueSpecification","valueRequired":true,"valueName":"search_term_string"}}],"inLanguage":"de-DE"}]}},"_links":{"self":[{"href":"https:\/\/deutschedigitalassets.com\/de\/wp-json\/wp\/v2\/pages\/74"}],"collection":[{"href":"https:\/\/deutschedigitalassets.com\/de\/wp-json\/wp\/v2\/pages"}],"about":[{"href":"https:\/\/deutschedigitalassets.com\/de\/wp-json\/wp\/v2\/types\/page"}],"author":[{"embeddable":true,"href":"https:\/\/deutschedigitalassets.com\/de\/wp-json\/wp\/v2\/users\/6"}],"replies":[{"embeddable":true,"href":"https:\/\/deutschedigitalassets.com\/de\/wp-json\/wp\/v2\/comments?post=74"}],"version-history":[{"count":0,"href":"https:\/\/deutschedigitalassets.com\/de\/wp-json\/wp\/v2\/pages\/74\/revisions"}],"up":[{"embeddable":true,"href":"https:\/\/deutschedigitalassets.com\/de\/wp-json\/wp\/v2\/pages\/62"}],"wp:attachment":[{"href":"https:\/\/deutschedigitalassets.com\/de\/wp-json\/wp\/v2\/media?parent=74"}],"curies":[{"name":"wp","href":"https:\/\/api.w.org\/{rel}","templated":true}]}}