{"id":66,"date":"2022-11-10T02:16:58","date_gmt":"2022-11-10T02:16:58","guid":{"rendered":"https:\/\/deutschedastg.wpengine.com\/?page_id=66"},"modified":"2025-10-27T06:50:29","modified_gmt":"2025-10-27T06:50:29","slug":"products","status":"publish","type":"page","link":"https:\/\/deutschedigitalassets.com\/de\/products\/","title":{"rendered":"Deutsche Digital Assets Produkte"},"content":{"rendered":"<div class=\"alignfull wp-block-iconic-blocks-hero is-variation-subpage hero-align--left has-white-background-color\" >\n    <div class=\"hero-content-container\">\n                    <h1 class=\"hero-heading\">\n                \nDDA-Produkte            <\/h1>\n                            <p class=\"hero-sub-heading has-subtitle-font-size\">\n                \nDas Produktportfolio von Deutsche Digital Assets reicht von b\u00f6rsengehandelten Krypto-ETPs, die an mehreren europ\u00e4ischen B\u00f6rsen notiert sind, bis hin zu aktiv verwalteten Strategien und ma\u00dfgeschneiderten Anlagel\u00f6sungen f\u00fcr institutionelle und private Anleger            <\/p>\n        \n        \n                    <div class=\"product-image-container\">\n                            <\/div>\n            <\/div>\n<\/div>\n\n\n\n<div class=\"wp-block-iconic-blocks-section-selector alignfull has-tuna-grey-background-color has-background\"><div class=\"wp-block-iconic-blocks-section-selector-container\">\n<h4 class=\"wp-block-heading has-sunglow-yellow-color heading\" id=\"h-product-types\">Unsere Produkte<\/h4>\n\n\n\n<div class=\"wp-block-buttons is-layout-flex wp-block-buttons-is-layout-flex\">\n<div class=\"wp-block-button is-style-blank_ghost\"><a class=\"wp-block-button__link wp-element-button\" href=\"#Exchange-Traded-Products\">Krypto-B\u00f6rsengehandelte Produkte (ETP)<\/a><\/div>\n\n\n\n<div class=\"wp-block-button is-style-blank_ghost\"><a class=\"wp-block-button__link wp-element-button\" href=\"#White-Label-Exchange\">Ma\u00dfgeschneiderte Anlagel\u00f6sungen<\/a><\/div>\n<\/div>\n<\/div><\/div>\n\n\n\n<div style=\"height:150px\" aria-hidden=\"true\" id=\"Exchange-Traded-Products\" class=\"wp-block-spacer\"><\/div>\n\n\n\n<div class=\"wp-block-columns is-layout-flex wp-container-core-columns-is-layout-1 wp-block-columns-is-layout-flex\">\n<div class=\"wp-block-column is-layout-flow wp-block-column-is-layout-flow\" style=\"padding-top:0;padding-right:0;padding-bottom:0;padding-left:0;flex-basis:80%\">\n<h3 class=\"wp-block-heading\" id=\"h-dda-exchange-traded-products-etps\">DDA Krypto ETPs<\/h3>\n<\/div>\n\n\n\n<div class=\"wp-block-column is-layout-flow wp-block-column-is-layout-flow\" style=\"flex-basis:20%\">\n<figure class=\"wp-block-image alignright size-full is-resized is-style-default\"><img loading=\"lazy\" decoding=\"async\" width=\"138\" height=\"140\" src=\"https:\/\/deutschedigitalassets.com\/wp-content\/uploads\/2022\/12\/etp_icon@2x.png\" alt=\"\" class=\"wp-image-74888\" style=\"width:69px;height:70px\"\/><\/figure>\n<\/div>\n<\/div>\n\n\n\n<p>B\u00f6rsengehandelte Produkte (ETPs) erm\u00f6glichen Anlegern den einfachen Zugang zu Kryptoassets. DDA ETPs erm\u00f6glichen Anlegern, kosteneffizient an der Kursentwicklung eines einzelnen Kryptoassets oder eines Korbes von Kryptoassets zu partizipieren. Der Handel kann bequem \u00fcber das pers\u00f6nliche Bankkonto oder die bevorzugte Depotverbindung erfolgen. Alle Produkte sind zu 100% durch die zugrunde liegenden Kryptoassets besichert. Diese werden sicher in sogenanntem \u201cCold Storage\u201d bei regulierten Verwahrstellen verwahrt. DDA ETPs werden an den liquidesten europ\u00e4ischen B\u00f6rsen gehandelt \u2013 \u00e4hnlich wie Aktien oder ETFs.<\/p>\n\n\n\n<div class=\"wp-block-group is-layout-flow wp-block-group-is-layout-flow\">\n<figure class=\"wp-block-table is-style-style1\"><table><thead><tr><th><strong>Ticker<\/strong><\/th><th><strong>Name des Produkts<\/strong><\/th><th><strong>ISIN<\/strong><\/th><th><strong>CCY<\/strong><\/th><th><strong>TER<\/strong><\/th><th><strong>Datum der Gr\u00fcndung<\/strong><\/th><th><strong>AUM<\/strong><\/th><th><strong>Produkt Seite<\/strong><\/th><\/tr><\/thead><tbody><tr><td><a href=\"https:\/\/deutschedigitalassets.com\/de\/products\/etp\/slct-dda-crypto-select-10-etp\/\" target=\"_blank\" rel=\"noreferrer noopener\"><strong>SLCT<\/strong><\/a><\/td><td>DDA Crypto Select 10 ETP<\/td><td>DE000A3G3ZD0<\/td><td>USD<\/td><td>1.69%<\/td><td>22.05.2023<\/td><td>28.95M USD<\/td><td><a href=\"https:\/\/deutschedigitalassets.com\/de\/products\/etp\/slct-dda-crypto-select-10-etp\/\" target=\"_blank\" rel=\"noreferrer noopener\">PRODUKTSEITE<\/a><\/td><\/tr><tr><td><a href=\"https:\/\/deutschedigitalassets.com\/de\/products\/etp\/xbti-dda-funds-physical-bitcoin-etp\/\" target=\"_blank\" rel=\"noreferrer noopener\"><strong>XBTI<\/strong><\/a><\/td><td>DDA Physical Bitcoin ETP<\/td><td>DE000A3GK2N1<\/td><td>USD<\/td><td>0.95%<\/td><td>15.04.2021<\/td><td>18.86M USD<\/td><td><a href=\"https:\/\/deutschedigitalassets.com\/de\/products\/etp\/xbti-dda-funds-physical-bitcoin-etp\/\" target=\"_blank\" rel=\"noreferrer noopener\">Produkt Seite<\/a><\/td><\/tr><tr><td><a href=\"https:\/\/deutschedigitalassets.com\/de\/products\/etp\/ieth-dda-physical-ethereum-etp\/\" target=\"_blank\" rel=\"noreferrer noopener\"><strong>IETH<\/strong><\/a><\/td><td>DDA Physical Ethereum ETP<\/td><td>DE000A3GTML1<\/td><td>USD<\/td><td>0.95%<\/td><td>01.12.2021<\/td><td>1.80M USD<\/td><td><a href=\"https:\/\/deutschedigitalassets.com\/de\/products\/etp\/ieth-dda-physical-ethereum-etp\/\" target=\"_blank\" rel=\"noreferrer noopener\">Produkt Seite<\/a><\/td><\/tr><tr><td><a href=\"https:\/\/deutschedigitalassets.com\/de\/products\/etp\/bmac-dda-bitcoin-macro-etp\/\"><strong>BMAC<\/strong><\/a><\/td><td>DDA Bitcoin Macro ETP<\/td><td>DE000A3G9SE0<\/td><td>USD<\/td><td>2.00%<\/td><td>18.06.2024<\/td><td>2.42M USD<\/td><td><a href=\"https:\/\/deutschedigitalassets.com\/de\/products\/etp\/bmac-dda-bitcoin-macro-etp\/\">PRODUKTSEITE<\/a><\/td><\/tr><tr><td><a href=\"https:\/\/deutschedigitalassets.com\/de\/products\/etp\/heli-dda-heliad-dynamische-blockchain-etp\/\"><strong>HELI<\/strong><\/a><\/td><td>DDA Heliad Dynamic Blockchain ETP<\/td><td>DE000A4AHWT9<\/td><td>USD<\/td><td>3.20%<\/td><td>05.12.2024<\/td><td>0.01M USD<\/td><td><a href=\"https:\/\/deutschedigitalassets.com\/de\/products\/etp\/heli-dda-heliad-dynamische-blockchain-etp\/\">PRODUKTSEITE<\/a><\/td><\/tr><tr><td><a href=\"https:\/\/deutschedigitalassets.com\/de\/products\/etp\/safello-bittensor-etp\/\"><strong>STAO<\/strong><\/a><\/td><td>The Safello Bittensor Staked TAO ETP<\/td><td>DE000A4APQY4<\/td><td>USD<\/td><td>1.49%<\/td><td><\/td><td><\/td><td><a href=\"https:\/\/deutschedigitalassets.com\/de\/products\/etp\/safello-bittensor-etp\/\" target=\"_blank\" rel=\"noreferrer noopener\">PRODUKTSEITE<\/a><\/td><\/tr><\/tbody><\/table><\/figure>\n\n\n\n<p><\/p>\n\n\n\n<div class=\"wp-block-buttons is-content-justification-right is-layout-flex wp-container-core-buttons-is-layout-2 wp-block-buttons-is-layout-flex\">\n<div class=\"wp-block-button is-style-secondary_ghost\"><a class=\"wp-block-button__link wp-element-button\" href=\"https:\/\/deutschedigitalassets.com\/de\/products\/etp\/etp-produkte-archiv\/\">archivierte Produkte<\/a><\/div>\n<\/div>\n<\/div>\n\n\n\n<div style=\"height:50px\" aria-hidden=\"true\" class=\"wp-block-spacer\"><\/div>\n\n\n\n<div class=\"wp-block-buttons is-content-justification-right is-layout-flex wp-container-core-buttons-is-layout-3 wp-block-buttons-is-layout-flex\">\n<div class=\"wp-block-button\"><a class=\"wp-block-button__link wp-element-button\" href=\"https:\/\/deutschedigitalassets.com\/de\/products\/etp\/\">Erfahren Sie mehr \u00fcber DDA Krypto ETPs<\/a><\/div>\n<\/div>\n\n\n\n<div class=\"wp-block-iconic-blocks-product-list is-style-default\">\n    <div class=\"wp-block-iconic-blocks-product-list__wrapper\">\n        <div class=\"wp-block-iconic-blocks-product-list__intro\">\n            <div class=\"wp-block-iconic-blocks-product-list__intro__visual\">\n                <img loading=\"lazy\" decoding=\"async\" width=\"69\" height=\"70\" src=\"https:\/\/deutschedigitalassets.com\/wp-content\/uploads\/2022\/11\/wletp.png\" class=\"attachment-medium_large size-medium_large\" alt=\"White-Label-B\u00f6rsengehandelte Produkte (ETP)\" \/>            <\/div>\n                <h2                    id=\"White-Label-Exchange\"\n                    >Ma\u00dfgeschneiderte Anlagel\u00f6sungen<\/h2>\n                <p                    >Ma\u00dfgeschneiderte L\u00f6sungen und Dienstleistungen, die auf die anspruchsvollsten Bed\u00fcrfnisse unserer Kunden zugeschnitten sind und diese \u00fcbertreffen. <\/p>\n        <\/div>\n        <div class=\"wp-block-iconic-blocks-product-list__items\">\n            <div class=\"wp-block-iconic-blocks-simple-card-item\">\n   <div class=\"simple-card-item__visual\">\n       <img loading=\"lazy\" decoding=\"async\" width=\"494\" height=\"571\" src=\"https:\/\/deutschedigitalassets.com\/wp-content\/uploads\/2023\/05\/DDA-Advisory_icon.png\" class=\"attachment-medium_large size-medium_large\" alt=\"\" \/>   <\/div>\n    <div class=\"simple-card-item__content\">\n            <h3>DDA Advisory<\/h3>\n            <p>Als vollst\u00e4ndig lizenzierter und regulierter Krypto-Asset-Manager bietet die DDA Advisory GmbH erstklassige Krypto-Investment-Beratungsdienstleistungen, die auf Family Offices, verm\u00f6gende Privatpersonen (HNWI) und institutionelle Investoren zugeschnitten sind. Unser Angebot umfasst eine Mischung aus traditionellen und eigenentwickelten digitalen Anlagel\u00f6sungen durch verschiedene Tochtergesellschaften der Deutsche Digital Assets GmbH. <\/p>\n    <\/div>\n    <div class=\"simple-card-item__footer\">\n        \n<div class=\"wp-block-button is-style-secondary_ghost\">\n    \n<a class=\"wp-block-button__link\" title=\"mehr erfahren\" href=\"https:\/\/deutschedigitalassets.com\/de\/products\/masgeschneiderte-losungen\/beratung\/\" target=\"_blank\" rel=\"noreferrer noopener\">\n    mehr erfahren<\/a>\n<\/div>\n\n    <\/div>\n<\/div>\n<div class=\"wp-block-iconic-blocks-simple-card-item\">\n   <div class=\"simple-card-item__visual\">\n       <img loading=\"lazy\" decoding=\"async\" width=\"494\" height=\"571\" src=\"https:\/\/deutschedigitalassets.com\/wp-content\/uploads\/2023\/05\/DDA-WL_icon.png\" class=\"attachment-medium_large size-medium_large\" alt=\"\" \/>   <\/div>\n    <div class=\"simple-card-item__content\">\n            <h3>DDA White-Label Exchange Traded Products (ETPs) <\/h3>\n            <p>Das DDA White-Labeling ist eine schl\u00fcsselfertige L\u00f6sung f\u00fcr die effiziente und kosteng\u00fcnstige Auflegung von Krypto-ETPs. DDA stellt die gesamte notwendige Infrastruktur zur Verf\u00fcgung, die f\u00fcr die Einf\u00fchrung von Krypto-ETPs erforderlich ist, einschlie\u00dflich regulatorischer Zulassungen, B\u00f6rsennotierungen, Operation und Portfoliomanagement, und arbeitet mit Drittanbietern zusammen, um White-Label-Krypto-ETP-Produkte \u00fcber seine Plattform aufzulegen. <\/p>\n    <\/div>\n    <div class=\"simple-card-item__footer\">\n        \n<div class=\"wp-block-button is-style-secondary_ghost\">\n    \n<a class=\"wp-block-button__link\" title=\"Mehr erfahren\" href=\"https:\/\/deutschedigitalassets.com\/de\/products\/wletp\/\">\n    Mehr erfahren<\/a>\n<\/div>\n\n    <\/div>\n<\/div>\n        <\/div>\n        \n<div class=\"wp-block-button is-style-primary\">\n    \n<a class=\"wp-block-button__link\" href=\"https:\/\/deutschedigitalassets.com\/de\/products\/wletp\/\">\n    <\/a>\n<\/div>\n\n    <\/div>\n<\/div>\n\n\n<div class=\"alignfull wp-block-iconic-blocks-text-background-image is-variation-style1\">\n    <div class=\"text-background-image-content\">\n                    <h3 class=\"text-background-image-content__heading has-tuna-grey-color\">\n                \n\u00dcber Advisory and White Label L\u00f6sungen            <\/h3>\n        \n                    <p class=\"text-background-image-content__text has-tuna-grey-color\"\">\n                \n            <\/p>\n        \n                    <div class=\"wp-block-button is-style-secondary_ghost\">\n                \n<a title=\"Mehr erfahren\" href=\"https:\/\/deutschedigitalassets.com\/de\/products\/masgeschneiderte-losungen\/\" rel=\"\" target=\"\" class=\"wp-block-button__link\">Mehr erfahren<\/a>            <\/div>\n            <\/div>\n    <div class=\"text-background-image-backgrounds\">\n        <div class=\"text-background-image-backgrounds__bg1\"><\/div>\n        <div class=\"text-background-image-backgrounds__bg2\"><\/div>\n    <\/div>\n<\/div>\n\n\n<div class=\"wp-block-group alignfull is-layout-flow wp-block-group-is-layout-flow\">\n<div class=\"wp-block-iconic-blocks-disclaimer alignfull\">\n<p class=\"title\">HAFTUNGSAUSSCHLUSS<\/p>\n\n\n\n<p class=\"text\">Diese Website, das Informationsmaterial und die Produktinformationen stellen lediglich eine unverbindliche Vorabinformation dar, die ausschlie\u00dflich Werbezwecken dient und kein Prospekt im Sinne des europ\u00e4ischen Wertpapierprospektgesetzes, des deutschen Investmentgesetzes oder des deutschen Investmentgesetzes oder eines entsprechenden ausl\u00e4ndischen Gesetzes ist. Der Inhalt ist weder ein Angebot noch eine Aufforderung zur Abgabe eines Angebots zum Kauf von Wertpapieren. Die Informationen auf dieser Website stellen keine Anlageberatung oder Anlageempfehlung dar. Bei der Erstellung dieser Website wurde gr\u00f6\u00dftm\u00f6gliche Sorgfalt angewandt, dennoch bleiben Fehler und Auslassungen vorbehalten. Sofern Aussagen getroffen werden, basieren diese auf Auswertungen, Wirtschaftsdaten, eigenen Einsch\u00e4tzungen und sind zum Zeitpunkt der Erstellung der Website zukunftsgerichtete Aussagen und k\u00f6nnen \u00c4nderungen unterliegen. Die Kursentwicklung von Kryptow\u00e4hrungen ist hoch volatil und unvorhersehbar und die Kursentwicklung in der Vergangenheit ist keine Garantie f\u00fcr die zuk\u00fcnftige Kursentwicklung.&nbsp;<br>Hinweis: Die Genehmigung des Prospekts sollte nicht als Billigung der angebotenen oder zum Handel an einem geregelten Markt zugelassenen Wertpapiere ausgelegt werden.&nbsp;<br>Die Deutsche Digital Assets GmbH und ihre Tochtergesellschaften (zusammen \u201eDDA\u201c) sowie ihre Lizenzgeber, Researchpartner oder Datenanbieter geben keine ausdr\u00fccklichen oder stillschweigenden Garantien oder Zusicherungen in Bezug auf die Aktualit\u00e4t, Reihenfolge, Genauigkeit, Vollst\u00e4ndigkeit, Marktg\u00e4ngigkeit, Qualit\u00e4t oder Eignung f\u00fcr einen bestimmten Zweck ihrer Indexdaten ab und schlie\u00dfen jegliche Haftung in diesem Zusammenhang aus. DDA und ihre Lizenzgeber, Forschungspartner oder Datenanbieter erteilen durch die Ver\u00f6ffentlichung von Indizes oder in Verbindung damit keine Anlageberatung. Insbesondere spiegelt die Aufnahme eines Krypto-Assets in einen Index, seine Gewichtung oder der Ausschluss eines Krypto-Assets aus einem Index in keiner Weise eine Meinung der DDA, ihrer Lizenzgeber, Forschungspartner oder Datenanbieter \u00fcber die Vorz\u00fcge dieses Unternehmens wider. Finanzinstrumente, die auf den Indizes basieren, werden in keiner Weise von den Lizenzgebern, Forschungspartnern oder Datenanbietern der DDA gesponsert, unterst\u00fctzt, verkauft oder beworben.&nbsp;<\/p>\n<\/div>\n<\/div>","protected":false},"excerpt":{"rendered":"<p>DDA Crypto ETPs Investors use Exchange Traded Products (ETPs) to easily access digital assets through a standardized financial product. DDA crypto ETPs enable investors to participate cost efficiently in the price development of a single digital asset or basket of digital assets from their personal bank accounts or preferred brokerage accounts. All products are always [&hellip;]<\/p>","protected":false},"author":6,"featured_media":0,"parent":0,"menu_order":0,"comment_status":"closed","ping_status":"closed","template":"","meta":{"_acf_changed":false,"_monsterinsights_skip_tracking":false,"_monsterinsights_sitenote_active":false,"_monsterinsights_sitenote_note":"","_monsterinsights_sitenote_category":0,"footnotes":""},"acf":[],"yoast_head":"<!-- This site is optimized with the Yoast SEO Premium plugin v19.5 (Yoast SEO v23.6) - https:\/\/yoast.com\/wordpress\/plugins\/seo\/ -->\n<title>Deutsche Digital Assets Products - Deutsche Digital Assets<\/title>\n<meta name=\"description\" content=\"Deutsche Digital Assets product portfolio ranges from crypto Exchange Traded Products (ETPs) to broadly diversified index funds and actively-managed strategies.\" \/>\n<meta name=\"robots\" content=\"index, follow, max-snippet:-1, max-image-preview:large, max-video-preview:-1\" \/>\n<link rel=\"canonical\" href=\"https:\/\/deutschedigitalassets.com\/de\/products\/\" \/>\n<meta property=\"og:locale\" content=\"de_DE\" \/>\n<meta property=\"og:type\" content=\"article\" \/>\n<meta property=\"og:title\" content=\"Deutsche Digital Assets Products\" \/>\n<meta property=\"og:description\" content=\"Deutsche Digital Assets product portfolio ranges from crypto Exchange Traded Products (ETPs) to broadly diversified index funds and actively-managed strategies.\" \/>\n<meta property=\"og:url\" content=\"https:\/\/deutschedigitalassets.com\/de\/products\/\" \/>\n<meta property=\"og:site_name\" content=\"Deutsche Digital Assets\" \/>\n<meta property=\"article:modified_time\" content=\"2025-10-27T06:50:29+00:00\" \/>\n<meta property=\"og:image\" content=\"https:\/\/deutschedigitalassets.com\/wp-content\/uploads\/2022\/12\/etp_icon@2x.png\" \/>\n\t<meta property=\"og:image:width\" content=\"138\" \/>\n\t<meta property=\"og:image:height\" content=\"140\" \/>\n\t<meta property=\"og:image:type\" content=\"image\/png\" \/>\n<meta name=\"twitter:card\" content=\"summary_large_image\" \/>\n<meta name=\"twitter:label1\" content=\"Gesch\u00e4tzte Lesezeit\" \/>\n\t<meta name=\"twitter:data1\" content=\"3 Minuten\" \/>\n<script type=\"application\/ld+json\" class=\"yoast-schema-graph\">{\"@context\":\"https:\/\/schema.org\",\"@graph\":[{\"@type\":\"WebPage\",\"@id\":\"https:\/\/deutschedigitalassets.com\/products\/\",\"url\":\"https:\/\/deutschedigitalassets.com\/products\/\",\"name\":\"Deutsche Digital Assets Products - Deutsche Digital Assets\",\"isPartOf\":{\"@id\":\"https:\/\/deutschedigitalassets.com\/#website\"},\"primaryImageOfPage\":{\"@id\":\"https:\/\/deutschedigitalassets.com\/products\/#primaryimage\"},\"image\":{\"@id\":\"https:\/\/deutschedigitalassets.com\/products\/#primaryimage\"},\"thumbnailUrl\":\"https:\/\/deutschedigitalassets.com\/wp-content\/uploads\/2022\/12\/etp_icon@2x.png\",\"datePublished\":\"2022-11-10T02:16:58+00:00\",\"dateModified\":\"2025-10-27T06:50:29+00:00\",\"description\":\"Deutsche Digital Assets product portfolio ranges from crypto Exchange Traded Products (ETPs) to broadly diversified index funds and actively-managed strategies.\",\"breadcrumb\":{\"@id\":\"https:\/\/deutschedigitalassets.com\/products\/#breadcrumb\"},\"inLanguage\":\"de-DE\",\"potentialAction\":[{\"@type\":\"ReadAction\",\"target\":[\"https:\/\/deutschedigitalassets.com\/products\/\"]}]},{\"@type\":\"ImageObject\",\"inLanguage\":\"de-DE\",\"@id\":\"https:\/\/deutschedigitalassets.com\/products\/#primaryimage\",\"url\":\"https:\/\/deutschedigitalassets.com\/wp-content\/uploads\/2022\/12\/etp_icon@2x.png\",\"contentUrl\":\"https:\/\/deutschedigitalassets.com\/wp-content\/uploads\/2022\/12\/etp_icon@2x.png\"},{\"@type\":\"BreadcrumbList\",\"@id\":\"https:\/\/deutschedigitalassets.com\/products\/#breadcrumb\",\"itemListElement\":[{\"@type\":\"ListItem\",\"position\":1,\"name\":\"Home\",\"item\":\"https:\/\/deutschedigitalassets.com\/\"},{\"@type\":\"ListItem\",\"position\":2,\"name\":\"Deutsche Digital Assets Products\"}]},{\"@type\":\"WebSite\",\"@id\":\"https:\/\/deutschedigitalassets.com\/#website\",\"url\":\"https:\/\/deutschedigitalassets.com\/\",\"name\":\"Deutsche Digital Assets\",\"description\":\"Deutsche Digital Assets\",\"potentialAction\":[{\"@type\":\"SearchAction\",\"target\":{\"@type\":\"EntryPoint\",\"urlTemplate\":\"https:\/\/deutschedigitalassets.com\/?s={search_term_string}\"},\"query-input\":{\"@type\":\"PropertyValueSpecification\",\"valueRequired\":true,\"valueName\":\"search_term_string\"}}],\"inLanguage\":\"de-DE\"}]}<\/script>\n<!-- \/ Yoast SEO Premium plugin. -->","yoast_head_json":{"title":"Deutsche Digital Assets Products - Deutsche Digital Assets","description":"Deutsche Digital Assets product portfolio ranges from crypto Exchange Traded Products (ETPs) to broadly diversified index funds and actively-managed strategies.","robots":{"index":"index","follow":"follow","max-snippet":"max-snippet:-1","max-image-preview":"max-image-preview:large","max-video-preview":"max-video-preview:-1"},"canonical":"https:\/\/deutschedigitalassets.com\/de\/products\/","og_locale":"de_DE","og_type":"article","og_title":"Deutsche Digital Assets Products","og_description":"Deutsche Digital Assets product portfolio ranges from crypto Exchange Traded Products (ETPs) to broadly diversified index funds and actively-managed strategies.","og_url":"https:\/\/deutschedigitalassets.com\/de\/products\/","og_site_name":"Deutsche Digital Assets","article_modified_time":"2025-10-27T06:50:29+00:00","og_image":[{"width":138,"height":140,"url":"https:\/\/deutschedigitalassets.com\/wp-content\/uploads\/2022\/12\/etp_icon@2x.png","type":"image\/png"}],"twitter_card":"summary_large_image","twitter_misc":{"Gesch\u00e4tzte Lesezeit":"3 Minuten"},"schema":{"@context":"https:\/\/schema.org","@graph":[{"@type":"WebPage","@id":"https:\/\/deutschedigitalassets.com\/products\/","url":"https:\/\/deutschedigitalassets.com\/products\/","name":"Deutsche Digital Assets Products - Deutsche Digital Assets","isPartOf":{"@id":"https:\/\/deutschedigitalassets.com\/#website"},"primaryImageOfPage":{"@id":"https:\/\/deutschedigitalassets.com\/products\/#primaryimage"},"image":{"@id":"https:\/\/deutschedigitalassets.com\/products\/#primaryimage"},"thumbnailUrl":"https:\/\/deutschedigitalassets.com\/wp-content\/uploads\/2022\/12\/etp_icon@2x.png","datePublished":"2022-11-10T02:16:58+00:00","dateModified":"2025-10-27T06:50:29+00:00","description":"Deutsche Digital Assets product portfolio ranges from crypto Exchange Traded Products (ETPs) to broadly diversified index funds and actively-managed strategies.","breadcrumb":{"@id":"https:\/\/deutschedigitalassets.com\/products\/#breadcrumb"},"inLanguage":"de-DE","potentialAction":[{"@type":"ReadAction","target":["https:\/\/deutschedigitalassets.com\/products\/"]}]},{"@type":"ImageObject","inLanguage":"de-DE","@id":"https:\/\/deutschedigitalassets.com\/products\/#primaryimage","url":"https:\/\/deutschedigitalassets.com\/wp-content\/uploads\/2022\/12\/etp_icon@2x.png","contentUrl":"https:\/\/deutschedigitalassets.com\/wp-content\/uploads\/2022\/12\/etp_icon@2x.png"},{"@type":"BreadcrumbList","@id":"https:\/\/deutschedigitalassets.com\/products\/#breadcrumb","itemListElement":[{"@type":"ListItem","position":1,"name":"Home","item":"https:\/\/deutschedigitalassets.com\/"},{"@type":"ListItem","position":2,"name":"Deutsche Digital Assets Products"}]},{"@type":"WebSite","@id":"https:\/\/deutschedigitalassets.com\/#website","url":"https:\/\/deutschedigitalassets.com\/","name":"Deutsche Digital Assets","description":"Deutsche Digital Assets","potentialAction":[{"@type":"SearchAction","target":{"@type":"EntryPoint","urlTemplate":"https:\/\/deutschedigitalassets.com\/?s={search_term_string}"},"query-input":{"@type":"PropertyValueSpecification","valueRequired":true,"valueName":"search_term_string"}}],"inLanguage":"de-DE"}]}},"_links":{"self":[{"href":"https:\/\/deutschedigitalassets.com\/de\/wp-json\/wp\/v2\/pages\/66"}],"collection":[{"href":"https:\/\/deutschedigitalassets.com\/de\/wp-json\/wp\/v2\/pages"}],"about":[{"href":"https:\/\/deutschedigitalassets.com\/de\/wp-json\/wp\/v2\/types\/page"}],"author":[{"embeddable":true,"href":"https:\/\/deutschedigitalassets.com\/de\/wp-json\/wp\/v2\/users\/6"}],"replies":[{"embeddable":true,"href":"https:\/\/deutschedigitalassets.com\/de\/wp-json\/wp\/v2\/comments?post=66"}],"version-history":[{"count":0,"href":"https:\/\/deutschedigitalassets.com\/de\/wp-json\/wp\/v2\/pages\/66\/revisions"}],"wp:attachment":[{"href":"https:\/\/deutschedigitalassets.com\/de\/wp-json\/wp\/v2\/media?parent=66"}],"curies":[{"name":"wp","href":"https:\/\/api.w.org\/{rel}","templated":true}]}}