{"id":113,"date":"2022-11-10T03:31:24","date_gmt":"2022-11-10T03:31:24","guid":{"rendered":"https:\/\/deutschedastg.wpengine.com\/?page_id=113"},"modified":"2025-01-23T13:03:33","modified_gmt":"2025-01-23T13:03:33","slug":"contact","status":"publish","type":"page","link":"https:\/\/deutschedigitalassets.com\/de\/kontakt\/","title":{"rendered":"Kontakt"},"content":{"rendered":"<div class=\"alignfull wp-block-iconic-blocks-hero is-variation-subpage hero-align--left has-tuna-grey-background-color\" >\n    <div class=\"hero-content-container\">\n                    <h1 class=\"hero-heading\">\n                \nKontakt            <\/h1>\n                            <p class=\"hero-sub-heading has-subtitle-font-size\">\n                \n            <\/p>\n        \n        \n                    <div class=\"product-image-container\">\n                            <\/div>\n            <\/div>\n<\/div>\n\n\n\n<div class=\"wp-block-group alignfull is-style-text-simple newsletter has-white-40-background-color has-background is-layout-flow wp-block-group-is-layout-flow\">\n<div class=\"wp-block-columns is-layout-flex wp-container-core-columns-is-layout-1 wp-block-columns-is-layout-flex\">\n<div class=\"wp-block-column is-layout-flow wp-block-column-is-layout-flow\">\n<h3 class=\"wp-block-heading\" id=\"h-contact-us\">Kontaktieren Sie uns<\/h3>\n\n\n\n<p><strong>Presseanfragen<\/strong>: press@deutschedigitalassets.com<br><strong>Produkte:<\/strong> products@deutschedigitalassets.com<\/p>\n\n\n\n<p>Anschrift:<br>Deutsche Digital Assets GmbH<br>Neue Mainzer Stra\u00dfe 66-68<br>60311 Frankfurt am Main<br>Deutschland<\/p>\n\n\n\n<p>Deutsche Digital Assets GmbH | Neue Mainzer Stra\u00dfe 66-68, 60311 Frankfurt am Main, Deutschland | Register-Nr.: HRB 109756 | Registergericht: AmtsG Frankfurt am Main | Umsatzsteuer-ID: DE317065484 | Gesch\u00e4ftsf\u00fchrer: Maximilian Lautenschl\u00e4ger, Dr. Jens Bernhardt<\/p>\n<\/div>\n\n\n\n<div class=\"wp-block-column is-layout-flow wp-block-column-is-layout-flow\">\n<div class=\"pipedriveWebForms\" data-pd-webforms=\"https:\/\/webforms.pipedrive.com\/f\/ctqFs71ELAfe7vcLyQxLtjGn5INLwOuHv5BxijtM8c9iuFBctdYeYtKDpApbPC0boT\">\n  <script src=\"https:\/\/webforms.pipedrive.com\/f\/loader\"><\/script>\n<\/div>\n<\/div>\n<\/div>\n<\/div>","protected":false},"excerpt":{"rendered":"<p>Kontakt Medien- und Presseanfragen: press@deutschedigitalassets.comProducts: products@deutschedigitalassets.com Adresse:Deutsche Digital Assets GmbHNeue Mainzer Stra\u00dfe 66-6860311 Frankfurt am MainDeutschland Deutsche Digital Assets GmbH | Neue Mainzer Stra\u00dfe 66-68, 60311 Frankfurt am Main, Deutschland | Register-Nr.: HRB 109756 | Registergericht: AmtsG Frankfurt am Main | Umsatzsteuer-ID: DE317065484 | Gesch\u00e4ftsf\u00fchrer: Maximilian Lautenschl\u00e4ger, Dr. Jens [...]<\/p>","protected":false},"author":6,"featured_media":0,"parent":0,"menu_order":0,"comment_status":"closed","ping_status":"closed","template":"","meta":{"_acf_changed":false,"_monsterinsights_skip_tracking":false,"_monsterinsights_sitenote_active":false,"_monsterinsights_sitenote_note":"","_monsterinsights_sitenote_category":0,"footnotes":""},"acf":[],"yoast_head":"<!-- This site is optimized with the Yoast SEO Premium plugin v19.5 (Yoast SEO v23.6) - https:\/\/yoast.com\/wordpress\/plugins\/seo\/ -->\n<title>Contact - Deutsche Digital Assets<\/title>\n<meta name=\"robots\" content=\"index, follow, max-snippet:-1, max-image-preview:large, max-video-preview:-1\" \/>\n<link rel=\"canonical\" href=\"https:\/\/deutschedigitalassets.com\/de\/kontakt\/\" \/>\n<meta property=\"og:locale\" content=\"de_DE\" \/>\n<meta property=\"og:type\" content=\"article\" \/>\n<meta property=\"og:title\" content=\"Contact\" \/>\n<meta property=\"og:description\" content=\"Contact us Media and press inquiries:&nbsp;press@deutschedigitalassets.comProducts: products@deutschedigitalassets.com Address:Deutsche Digital Assets GmbHNeue Mainzer Stra\u00dfe 66-6860311 Frankfurt am MainGermany Deutsche Digital Assets GmbH | Neue Mainzer Stra\u00dfe 66-68, 60311 Frankfurt am Main, Germany | Register No: HRB 109756 | Register Court: AmtsG Frankfurt am Main | VAT ID: DE317065484 | Managing Directors (&#8220;Gesch\u00e4ftsf\u00fchrer&#8221;): Maximilian Lautenschl\u00e4ger, Dr. Jens [&hellip;]\" \/>\n<meta property=\"og:url\" content=\"https:\/\/deutschedigitalassets.com\/de\/kontakt\/\" \/>\n<meta property=\"og:site_name\" content=\"Deutsche Digital Assets\" \/>\n<meta property=\"article:modified_time\" content=\"2025-01-23T13:03:33+00:00\" \/>\n<meta name=\"twitter:card\" content=\"summary_large_image\" \/>\n<meta name=\"twitter:label1\" content=\"Gesch\u00e4tzte Lesezeit\" \/>\n\t<meta name=\"twitter:data1\" content=\"1 Minute\" \/>\n<script type=\"application\/ld+json\" class=\"yoast-schema-graph\">{\"@context\":\"https:\/\/schema.org\",\"@graph\":[{\"@type\":\"WebPage\",\"@id\":\"https:\/\/deutschedigitalassets.com\/contact\/\",\"url\":\"https:\/\/deutschedigitalassets.com\/contact\/\",\"name\":\"Contact - Deutsche Digital Assets\",\"isPartOf\":{\"@id\":\"https:\/\/deutschedigitalassets.com\/#website\"},\"datePublished\":\"2022-11-10T03:31:24+00:00\",\"dateModified\":\"2025-01-23T13:03:33+00:00\",\"breadcrumb\":{\"@id\":\"https:\/\/deutschedigitalassets.com\/contact\/#breadcrumb\"},\"inLanguage\":\"de-DE\",\"potentialAction\":[{\"@type\":\"ReadAction\",\"target\":[\"https:\/\/deutschedigitalassets.com\/contact\/\"]}]},{\"@type\":\"BreadcrumbList\",\"@id\":\"https:\/\/deutschedigitalassets.com\/contact\/#breadcrumb\",\"itemListElement\":[{\"@type\":\"ListItem\",\"position\":1,\"name\":\"Home\",\"item\":\"https:\/\/deutschedigitalassets.com\/\"},{\"@type\":\"ListItem\",\"position\":2,\"name\":\"Contact\"}]},{\"@type\":\"WebSite\",\"@id\":\"https:\/\/deutschedigitalassets.com\/#website\",\"url\":\"https:\/\/deutschedigitalassets.com\/\",\"name\":\"Deutsche Digital Assets\",\"description\":\"Deutsche Digital Assets\",\"potentialAction\":[{\"@type\":\"SearchAction\",\"target\":{\"@type\":\"EntryPoint\",\"urlTemplate\":\"https:\/\/deutschedigitalassets.com\/?s={search_term_string}\"},\"query-input\":{\"@type\":\"PropertyValueSpecification\",\"valueRequired\":true,\"valueName\":\"search_term_string\"}}],\"inLanguage\":\"de-DE\"}]}<\/script>\n<!-- \/ Yoast SEO Premium plugin. -->","yoast_head_json":{"title":"Contact - Deutsche Digital Assets","robots":{"index":"index","follow":"follow","max-snippet":"max-snippet:-1","max-image-preview":"max-image-preview:large","max-video-preview":"max-video-preview:-1"},"canonical":"https:\/\/deutschedigitalassets.com\/de\/kontakt\/","og_locale":"de_DE","og_type":"article","og_title":"Contact","og_description":"Contact us Media and press inquiries:&nbsp;press@deutschedigitalassets.comProducts: products@deutschedigitalassets.com Address:Deutsche Digital Assets GmbHNeue Mainzer Stra\u00dfe 66-6860311 Frankfurt am MainGermany Deutsche Digital Assets GmbH | Neue Mainzer Stra\u00dfe 66-68, 60311 Frankfurt am Main, Germany | Register No: HRB 109756 | Register Court: AmtsG Frankfurt am Main | VAT ID: DE317065484 | Managing Directors (&#8220;Gesch\u00e4ftsf\u00fchrer&#8221;): Maximilian Lautenschl\u00e4ger, Dr. Jens [&hellip;]","og_url":"https:\/\/deutschedigitalassets.com\/de\/kontakt\/","og_site_name":"Deutsche Digital Assets","article_modified_time":"2025-01-23T13:03:33+00:00","twitter_card":"summary_large_image","twitter_misc":{"Gesch\u00e4tzte Lesezeit":"1 Minute"},"schema":{"@context":"https:\/\/schema.org","@graph":[{"@type":"WebPage","@id":"https:\/\/deutschedigitalassets.com\/contact\/","url":"https:\/\/deutschedigitalassets.com\/contact\/","name":"Contact - Deutsche Digital Assets","isPartOf":{"@id":"https:\/\/deutschedigitalassets.com\/#website"},"datePublished":"2022-11-10T03:31:24+00:00","dateModified":"2025-01-23T13:03:33+00:00","breadcrumb":{"@id":"https:\/\/deutschedigitalassets.com\/contact\/#breadcrumb"},"inLanguage":"de-DE","potentialAction":[{"@type":"ReadAction","target":["https:\/\/deutschedigitalassets.com\/contact\/"]}]},{"@type":"BreadcrumbList","@id":"https:\/\/deutschedigitalassets.com\/contact\/#breadcrumb","itemListElement":[{"@type":"ListItem","position":1,"name":"Home","item":"https:\/\/deutschedigitalassets.com\/"},{"@type":"ListItem","position":2,"name":"Contact"}]},{"@type":"WebSite","@id":"https:\/\/deutschedigitalassets.com\/#website","url":"https:\/\/deutschedigitalassets.com\/","name":"Deutsche Digital Assets","description":"Deutsche Digital Assets","potentialAction":[{"@type":"SearchAction","target":{"@type":"EntryPoint","urlTemplate":"https:\/\/deutschedigitalassets.com\/?s={search_term_string}"},"query-input":{"@type":"PropertyValueSpecification","valueRequired":true,"valueName":"search_term_string"}}],"inLanguage":"de-DE"}]}},"_links":{"self":[{"href":"https:\/\/deutschedigitalassets.com\/de\/wp-json\/wp\/v2\/pages\/113"}],"collection":[{"href":"https:\/\/deutschedigitalassets.com\/de\/wp-json\/wp\/v2\/pages"}],"about":[{"href":"https:\/\/deutschedigitalassets.com\/de\/wp-json\/wp\/v2\/types\/page"}],"author":[{"embeddable":true,"href":"https:\/\/deutschedigitalassets.com\/de\/wp-json\/wp\/v2\/users\/6"}],"replies":[{"embeddable":true,"href":"https:\/\/deutschedigitalassets.com\/de\/wp-json\/wp\/v2\/comments?post=113"}],"version-history":[{"count":0,"href":"https:\/\/deutschedigitalassets.com\/de\/wp-json\/wp\/v2\/pages\/113\/revisions"}],"wp:attachment":[{"href":"https:\/\/deutschedigitalassets.com\/de\/wp-json\/wp\/v2\/media?parent=113"}],"curies":[{"name":"wp","href":"https:\/\/api.w.org\/{rel}","templated":true}]}}