{"id":107,"date":"2022-11-10T03:29:58","date_gmt":"2022-11-10T03:29:58","guid":{"rendered":"https:\/\/deutschedastg.wpengine.com\/?page_id=107"},"modified":"2024-11-14T14:27:14","modified_gmt":"2024-11-14T14:27:14","slug":"advisory","status":"publish","type":"page","link":"https:\/\/deutschedigitalassets.com\/de\/products\/masgeschneiderte-losungen\/beratung\/","title":{"rendered":"DDA Advisory"},"content":{"rendered":"<div class=\"alignfull wp-block-iconic-blocks-hero is-variation-subpage hero-align--left has-tuna-grey-background-color\" >\n    <div class=\"hero-content-container\">\n                    <h1 class=\"hero-heading\">\n                \nDDA ADVISORY            <\/h1>\n                            <p class=\"hero-sub-heading has-subtitle-font-size\">\n                \nDigital Asset Anlageberatung f\u00fcr Family Offices, HNWI und institutionelle Anleger.            <\/p>\n        \n        \n<div class=\"wp-block-button wp-block-button is-style-primary_ghost\">\n    \n<a class=\"wp-block-button__link\" title=\"kontaktieren Sie uns\" href=\"#h-contact-us-for-more-information\">\n    kontaktieren Sie uns<\/a>\n<\/div>\n\n\n                    <div class=\"product-image-container\">\n                            <\/div>\n            <\/div>\n<\/div>\n\n\n\n<div style=\"height:100px\" aria-hidden=\"true\" class=\"wp-block-spacer\"><\/div>\n\n\n\n<div class=\"wp-block-columns is-layout-flex wp-container-core-columns-is-layout-5 wp-block-columns-is-layout-flex\">\n<div class=\"wp-block-column is-layout-flow wp-block-column-is-layout-flow\" style=\"flex-basis:33.33%\">\n<div class=\"wp-block-buttons is-layout-flex wp-block-buttons-is-layout-flex\">\n<div class=\"wp-block-button has-custom-width wp-block-button__width-100 is-style-secondary\"><a class=\"wp-block-button__link wp-element-button\" href=\"https:\/\/deutschedigitalassets.com\/wp-content\/uploads\/2023\/05\/DDA-Advisory_Company-Presentation.pdf\" target=\"_blank\" rel=\"noreferrer noopener\">Pr\u00e4sentation herunterladen<\/a><\/div>\n\n\n\n<div class=\"wp-block-button has-custom-width wp-block-button__width-100 is-style-secondary\"><a class=\"wp-block-button__link wp-element-button\" href=\"https:\/\/deutschedigitalassets.com\/wp-content\/uploads\/2023\/05\/DDA-Advisory-GmbH_Presentation-Family-Office-Services.pdf\" target=\"_blank\" rel=\"noreferrer noopener\">Servicepr\u00e4sentation herunterladen<\/a><\/div>\n\n\n\n<div class=\"wp-block-button has-custom-width wp-block-button__width-100 is-style-secondary_ghost\"><a class=\"wp-block-button__link wp-element-button\" href=\"#h-contact-us-for-more-information\">Kontaktieren Sie uns<\/a><\/div>\n<\/div>\n<\/div>\n\n\n\n<div class=\"wp-block-column is-layout-flow wp-block-column-is-layout-flow\" style=\"padding-top:0;padding-right:var(--wp--preset--spacing--70);padding-bottom:0;padding-left:var(--wp--preset--spacing--70);flex-basis:66.66%\">\n<h5 class=\"wp-block-heading\" id=\"h-product-description\"><strong>Ihr vertrauensw\u00fcrdiger Partner f\u00fcr Investitionen in Digitale Assets<\/strong><\/h5>\n\n\n\n<p>Als einer der weltweit ersten <a href=\"https:\/\/www.finanzen.net\/nachricht\/devisen\/deutsche-digital-assets-gmbh-dda-schliesst-inhaberkontrollverfahren-erfolgreich-ab-13239784\">voll lizenzierten und regulierten <\/a>puristischen Krypto-Asset-Manager dient die DDA Advisory GmbH als Teil der Deutsche Digital Assets als Ihr strategischer Partner f\u00fcr Investitionen in digitale Assets. Dank unserer langj\u00e4hrigen Erfahrung, ma\u00dfgeschneiderten L\u00f6sungen und analytischer Marktforschung schaffen wir mit unserem Spektrum an lizenzierten Wertpapierdienstleistungen einen signifikanten Mehrwert f\u00fcr unsere Kunden. Dazu geh\u00f6ren:&nbsp;<\/p>\n\n\n\n<div class=\"wp-block-columns is-layout-flex wp-container-core-columns-is-layout-1 wp-block-columns-is-layout-flex\">\n<div class=\"wp-block-column is-layout-flow wp-block-column-is-layout-flow\" style=\"flex-basis:8%\">\n<figure class=\"wp-block-image aligncenter size-thumbnail\"><img loading=\"lazy\" decoding=\"async\" width=\"150\" height=\"150\" src=\"https:\/\/deutschedigitalassets.com\/wp-content\/uploads\/2024\/06\/Trades-like-an-ETF-on-European-Exchanges-150x150.png\" alt=\"\" class=\"wp-image-77003\" srcset=\"https:\/\/deutschedigitalassets.com\/wp-content\/uploads\/2024\/06\/Trades-like-an-ETF-on-European-Exchanges-150x150.png 150w, https:\/\/deutschedigitalassets.com\/wp-content\/uploads\/2024\/06\/Trades-like-an-ETF-on-European-Exchanges-300x300.png 300w, https:\/\/deutschedigitalassets.com\/wp-content\/uploads\/2024\/06\/Trades-like-an-ETF-on-European-Exchanges-1024x1024.png 1024w, https:\/\/deutschedigitalassets.com\/wp-content\/uploads\/2024\/06\/Trades-like-an-ETF-on-European-Exchanges-768x768.png 768w, https:\/\/deutschedigitalassets.com\/wp-content\/uploads\/2024\/06\/Trades-like-an-ETF-on-European-Exchanges-12x12.png 12w, https:\/\/deutschedigitalassets.com\/wp-content\/uploads\/2024\/06\/Trades-like-an-ETF-on-European-Exchanges.png 1215w\" sizes=\"(max-width: 150px) 100vw, 150px\" \/><\/figure>\n<\/div>\n\n\n\n<div class=\"wp-block-column is-layout-flow wp-block-column-is-layout-flow\" style=\"flex-basis:92%\">\n<h6 class=\"wp-block-heading\"><strong><strong>Anlageberatung<\/strong><\/strong><\/h6>\n\n\n\n<p>Profitieren Sie von den Erkenntnissen unserer Experten, um ein ma\u00dfgeschneidertes Krypto-Portfolio aufzubauen, das optimal auf Ihre individuellen Anlageziele ausgerichtet ist.<\/p>\n<\/div>\n<\/div>\n\n\n\n<div class=\"wp-block-columns is-layout-flex wp-container-core-columns-is-layout-2 wp-block-columns-is-layout-flex\">\n<div class=\"wp-block-column is-layout-flow wp-block-column-is-layout-flow\" style=\"flex-basis:8%\">\n<figure class=\"wp-block-image aligncenter size-thumbnail\"><img loading=\"lazy\" decoding=\"async\" width=\"150\" height=\"150\" src=\"https:\/\/deutschedigitalassets.com\/wp-content\/uploads\/2024\/06\/Access-to-The-Worlds-First-Bitcoin-ETP-Based-on-Macro-Factors--150x150.png\" alt=\"\" class=\"wp-image-76999\" srcset=\"https:\/\/deutschedigitalassets.com\/wp-content\/uploads\/2024\/06\/Access-to-The-Worlds-First-Bitcoin-ETP-Based-on-Macro-Factors--150x150.png 150w, https:\/\/deutschedigitalassets.com\/wp-content\/uploads\/2024\/06\/Access-to-The-Worlds-First-Bitcoin-ETP-Based-on-Macro-Factors--300x300.png 300w, https:\/\/deutschedigitalassets.com\/wp-content\/uploads\/2024\/06\/Access-to-The-Worlds-First-Bitcoin-ETP-Based-on-Macro-Factors--1024x1024.png 1024w, https:\/\/deutschedigitalassets.com\/wp-content\/uploads\/2024\/06\/Access-to-The-Worlds-First-Bitcoin-ETP-Based-on-Macro-Factors--768x768.png 768w, https:\/\/deutschedigitalassets.com\/wp-content\/uploads\/2024\/06\/Access-to-The-Worlds-First-Bitcoin-ETP-Based-on-Macro-Factors--12x12.png 12w, https:\/\/deutschedigitalassets.com\/wp-content\/uploads\/2024\/06\/Access-to-The-Worlds-First-Bitcoin-ETP-Based-on-Macro-Factors-.png 1215w\" sizes=\"(max-width: 150px) 100vw, 150px\" \/><\/figure>\n<\/div>\n\n\n\n<div class=\"wp-block-column is-layout-flow wp-block-column-is-layout-flow\" style=\"flex-basis:92%\">\n<h6 class=\"wp-block-heading\"><strong><strong>Finanzportfolioverwaltung<\/strong><\/strong><\/h6>\n\n\n\n<p>\u00dcberlassen Sie die Verm\u00f6gensverwaltung unseren erfahrenen Experten und genie\u00dfen Sie dabei vollst\u00e4ndige Kontrolle und Transparenz.<\/p>\n<\/div>\n<\/div>\n\n\n\n<div class=\"wp-block-columns is-layout-flex wp-container-core-columns-is-layout-3 wp-block-columns-is-layout-flex\">\n<div class=\"wp-block-column is-layout-flow wp-block-column-is-layout-flow\" style=\"flex-basis:8%\">\n<figure class=\"wp-block-image aligncenter size-thumbnail\"><img loading=\"lazy\" decoding=\"async\" width=\"150\" height=\"150\" src=\"https:\/\/deutschedigitalassets.com\/wp-content\/uploads\/2024\/06\/Icon_Regulated-and-trusted-Custody-Solutions-150x150.png\" alt=\"\" class=\"wp-image-76909\" srcset=\"https:\/\/deutschedigitalassets.com\/wp-content\/uploads\/2024\/06\/Icon_Regulated-and-trusted-Custody-Solutions-150x150.png 150w, https:\/\/deutschedigitalassets.com\/wp-content\/uploads\/2024\/06\/Icon_Regulated-and-trusted-Custody-Solutions-300x300.png 300w, https:\/\/deutschedigitalassets.com\/wp-content\/uploads\/2024\/06\/Icon_Regulated-and-trusted-Custody-Solutions-1024x1024.png 1024w, https:\/\/deutschedigitalassets.com\/wp-content\/uploads\/2024\/06\/Icon_Regulated-and-trusted-Custody-Solutions-768x768.png 768w, https:\/\/deutschedigitalassets.com\/wp-content\/uploads\/2024\/06\/Icon_Regulated-and-trusted-Custody-Solutions-12x12.png 12w, https:\/\/deutschedigitalassets.com\/wp-content\/uploads\/2024\/06\/Icon_Regulated-and-trusted-Custody-Solutions.png 1080w\" sizes=\"(max-width: 150px) 100vw, 150px\" \/><\/figure>\n<\/div>\n\n\n\n<div class=\"wp-block-column is-layout-flow wp-block-column-is-layout-flow\" style=\"flex-basis:92%\">\n<h6 class=\"wp-block-heading\"><strong><strong>Anlagevermittlung<\/strong><\/strong><\/h6>\n\n\n\n<p>Optimieren Sie Ihre Deals und profitieren Sie gleichzeitig von umfassender Marktforschung und -analyse, die wertvolle Einblicke in die Trends des Marktes f\u00fcr digitale Assets bieten.<\/p>\n<\/div>\n<\/div>\n\n\n\n<div class=\"wp-block-columns is-layout-flex wp-container-core-columns-is-layout-4 wp-block-columns-is-layout-flex\">\n<div class=\"wp-block-column is-layout-flow wp-block-column-is-layout-flow\" style=\"flex-basis:8%\">\n<figure class=\"wp-block-image aligncenter size-thumbnail\"><img loading=\"lazy\" decoding=\"async\" width=\"150\" height=\"150\" src=\"https:\/\/deutschedigitalassets.com\/wp-content\/uploads\/2024\/06\/Regulated-and-trusted-Custody-Solutions--150x150.png\" alt=\"\" class=\"wp-image-77000\" srcset=\"https:\/\/deutschedigitalassets.com\/wp-content\/uploads\/2024\/06\/Regulated-and-trusted-Custody-Solutions--150x150.png 150w, https:\/\/deutschedigitalassets.com\/wp-content\/uploads\/2024\/06\/Regulated-and-trusted-Custody-Solutions--300x300.png 300w, https:\/\/deutschedigitalassets.com\/wp-content\/uploads\/2024\/06\/Regulated-and-trusted-Custody-Solutions--1024x1024.png 1024w, https:\/\/deutschedigitalassets.com\/wp-content\/uploads\/2024\/06\/Regulated-and-trusted-Custody-Solutions--768x768.png 768w, https:\/\/deutschedigitalassets.com\/wp-content\/uploads\/2024\/06\/Regulated-and-trusted-Custody-Solutions--12x12.png 12w, https:\/\/deutschedigitalassets.com\/wp-content\/uploads\/2024\/06\/Regulated-and-trusted-Custody-Solutions-.png 1215w\" sizes=\"(max-width: 150px) 100vw, 150px\" \/><\/figure>\n<\/div>\n\n\n\n<div class=\"wp-block-column is-layout-flow wp-block-column-is-layout-flow\" style=\"flex-basis:92%\">\n<h6 class=\"wp-block-heading\"><strong><strong>Abschlussvermittlung<\/strong><\/strong><\/h6>\n\n\n\n<p>Vereinfachen Sie den Handel mit Derivaten und Hedging-Strategien mit Hilfe unseres umfassenden Fachwissens.<\/p>\n<\/div>\n<\/div>\n\n\n\n<p>Mit kompromissloser Kundenorientierung und einem einzigartigen regulatorischen Vorteil steht DDA Ihnen als starker Partner zur Seite und realisiert Ihre individuellen Anlageziele mit ma\u00dfgeschneiderten L\u00f6sungen.<\/p>\n\n\n\n<p>Nehmen Sie noch heute Kontakt mit uns auf und erschlie\u00dfen Sie das Potenzial digitaler Assets mit einem vertrauensw\u00fcrdigen Partner an Ihrer Seite.<\/p>\n<\/div>\n<\/div>\n\n\n\n<div class=\"wp-block-group alignfull is-style-text-simple newsletter has-white-40-background-color has-background is-layout-flow wp-block-group-is-layout-flow\">\n<div class=\"wp-block-columns is-layout-flex wp-container-core-columns-is-layout-6 wp-block-columns-is-layout-flex\">\n<div class=\"wp-block-column is-layout-flow wp-block-column-is-layout-flow\">\n<h3 class=\"wp-block-heading\" id=\"h-contact-us-for-more-information\">Kontaktieren Sie uns f\u00fcr weitere Informationen<\/h3>\n\n\n\n<p>Bei Fragen oder f\u00fcr mehr Informationen kontaktieren Sie uns bitte \u00fcber das bereitgestellte Formular. <\/p>\n<\/div>\n\n\n\n<div class=\"wp-block-column is-layout-flow wp-block-column-is-layout-flow\">\n<div class=\"pipedriveWebForms\" data-pd-webforms=\"https:\/\/webforms.pipedrive.com\/f\/ctqFs71ELAfe7vcLyQxLtjGn5INLwOuHv5BxijtM8c9iuFBctdYeYtKDpApbPC0boT\"><script src=\"https:\/\/webforms.pipedrive.com\/f\/loader\"><\/script><\/div>\n<\/div>\n<\/div>\n<\/div>","protected":false},"excerpt":{"rendered":"<p>Your Trusted Advisor for Digital Asset Investments Als einer der weltweit ersten voll lizenzierten und regulierten puristischen Krypto-Asset-Manager ist die DDA Advisory GmbH, Teil der Deutsche Digital Assets, Ihr strategischer Partner f\u00fcr Investitionen in digitale Assets. Dank unserer umfangreichen Erfahrung, eigens entwickelten ma\u00dfgeschneiderten L\u00f6sungen und analytischer Marktforschung schaffen wir [...]<\/p>","protected":false},"author":6,"featured_media":0,"parent":105,"menu_order":0,"comment_status":"closed","ping_status":"closed","template":"","meta":{"_acf_changed":false,"_monsterinsights_skip_tracking":false,"_monsterinsights_sitenote_active":false,"_monsterinsights_sitenote_note":"","_monsterinsights_sitenote_category":0,"footnotes":""},"acf":[],"yoast_head":"<!-- This site is optimized with the Yoast SEO Premium plugin v19.5 (Yoast SEO v23.6) - https:\/\/yoast.com\/wordpress\/plugins\/seo\/ -->\n<title>DDA Advisory - Deutsche Digital Assets<\/title>\n<meta name=\"description\" content=\"DDA Advisory GmbH provides first class crypto investment advisory services for Family Offices, High Net Worth Individuals (HNWIs) and institutional investors.\" \/>\n<meta name=\"robots\" content=\"index, follow, max-snippet:-1, max-image-preview:large, max-video-preview:-1\" \/>\n<link rel=\"canonical\" href=\"https:\/\/deutschedigitalassets.com\/de\/products\/masgeschneiderte-losungen\/beratung\/\" \/>\n<meta property=\"og:locale\" content=\"de_DE\" \/>\n<meta property=\"og:type\" content=\"article\" \/>\n<meta property=\"og:title\" content=\"DDA Advisory\" \/>\n<meta property=\"og:description\" content=\"DDA Advisory GmbH provides first class crypto investment advisory services for Family Offices, High Net Worth Individuals (HNWIs) and institutional investors.\" \/>\n<meta property=\"og:url\" content=\"https:\/\/deutschedigitalassets.com\/de\/products\/masgeschneiderte-losungen\/beratung\/\" \/>\n<meta property=\"og:site_name\" content=\"Deutsche Digital Assets\" \/>\n<meta property=\"article:modified_time\" content=\"2024-11-14T14:27:14+00:00\" \/>\n<meta property=\"og:image\" content=\"https:\/\/deutschedigitalassets.com\/wp-content\/uploads\/2024\/06\/Trades-like-an-ETF-on-European-Exchanges.png\" \/>\n\t<meta property=\"og:image:width\" content=\"1215\" \/>\n\t<meta property=\"og:image:height\" content=\"1215\" \/>\n\t<meta property=\"og:image:type\" content=\"image\/png\" \/>\n<meta name=\"twitter:card\" content=\"summary_large_image\" \/>\n<script type=\"application\/ld+json\" class=\"yoast-schema-graph\">{\"@context\":\"https:\/\/schema.org\",\"@graph\":[{\"@type\":\"WebPage\",\"@id\":\"https:\/\/deutschedigitalassets.com\/products\/tailored-solutions\/advisory\/\",\"url\":\"https:\/\/deutschedigitalassets.com\/products\/tailored-solutions\/advisory\/\",\"name\":\"DDA Advisory - Deutsche Digital Assets\",\"isPartOf\":{\"@id\":\"https:\/\/deutschedigitalassets.com\/#website\"},\"primaryImageOfPage\":{\"@id\":\"https:\/\/deutschedigitalassets.com\/products\/tailored-solutions\/advisory\/#primaryimage\"},\"image\":{\"@id\":\"https:\/\/deutschedigitalassets.com\/products\/tailored-solutions\/advisory\/#primaryimage\"},\"thumbnailUrl\":\"https:\/\/deutschedigitalassets.com\/wp-content\/uploads\/2024\/06\/Trades-like-an-ETF-on-European-Exchanges-150x150.png\",\"datePublished\":\"2022-11-10T03:29:58+00:00\",\"dateModified\":\"2024-11-14T14:27:14+00:00\",\"description\":\"DDA Advisory GmbH provides first class crypto investment advisory services for Family Offices, High Net Worth Individuals (HNWIs) and institutional investors.\",\"breadcrumb\":{\"@id\":\"https:\/\/deutschedigitalassets.com\/products\/tailored-solutions\/advisory\/#breadcrumb\"},\"inLanguage\":\"de-DE\",\"potentialAction\":[{\"@type\":\"ReadAction\",\"target\":[\"https:\/\/deutschedigitalassets.com\/products\/tailored-solutions\/advisory\/\"]}]},{\"@type\":\"ImageObject\",\"inLanguage\":\"de-DE\",\"@id\":\"https:\/\/deutschedigitalassets.com\/products\/tailored-solutions\/advisory\/#primaryimage\",\"url\":\"https:\/\/deutschedigitalassets.com\/wp-content\/uploads\/2024\/06\/Trades-like-an-ETF-on-European-Exchanges-150x150.png\",\"contentUrl\":\"https:\/\/deutschedigitalassets.com\/wp-content\/uploads\/2024\/06\/Trades-like-an-ETF-on-European-Exchanges-150x150.png\"},{\"@type\":\"BreadcrumbList\",\"@id\":\"https:\/\/deutschedigitalassets.com\/products\/tailored-solutions\/advisory\/#breadcrumb\",\"itemListElement\":[{\"@type\":\"ListItem\",\"position\":1,\"name\":\"Home\",\"item\":\"https:\/\/deutschedigitalassets.com\/\"},{\"@type\":\"ListItem\",\"position\":2,\"name\":\"Deutsche Digital Assets Products\",\"item\":\"https:\/\/deutschedigitalassets.com\/products\/\"},{\"@type\":\"ListItem\",\"position\":3,\"name\":\"DDA Tailored Solutions\",\"item\":\"https:\/\/deutschedigitalassets.com\/products\/tailored-solutions\/\"},{\"@type\":\"ListItem\",\"position\":4,\"name\":\"DDA Advisory\"}]},{\"@type\":\"WebSite\",\"@id\":\"https:\/\/deutschedigitalassets.com\/#website\",\"url\":\"https:\/\/deutschedigitalassets.com\/\",\"name\":\"Deutsche Digital Assets\",\"description\":\"Deutsche Digital Assets\",\"potentialAction\":[{\"@type\":\"SearchAction\",\"target\":{\"@type\":\"EntryPoint\",\"urlTemplate\":\"https:\/\/deutschedigitalassets.com\/?s={search_term_string}\"},\"query-input\":{\"@type\":\"PropertyValueSpecification\",\"valueRequired\":true,\"valueName\":\"search_term_string\"}}],\"inLanguage\":\"de-DE\"}]}<\/script>\n<!-- \/ Yoast SEO Premium plugin. -->","yoast_head_json":{"title":"DDA Advisory - Deutsche Digital Assets","description":"DDA Advisory GmbH provides first class crypto investment advisory services for Family Offices, High Net Worth Individuals (HNWIs) and institutional investors.","robots":{"index":"index","follow":"follow","max-snippet":"max-snippet:-1","max-image-preview":"max-image-preview:large","max-video-preview":"max-video-preview:-1"},"canonical":"https:\/\/deutschedigitalassets.com\/de\/products\/masgeschneiderte-losungen\/beratung\/","og_locale":"de_DE","og_type":"article","og_title":"DDA Advisory","og_description":"DDA Advisory GmbH provides first class crypto investment advisory services for Family Offices, High Net Worth Individuals (HNWIs) and institutional investors.","og_url":"https:\/\/deutschedigitalassets.com\/de\/products\/masgeschneiderte-losungen\/beratung\/","og_site_name":"Deutsche Digital Assets","article_modified_time":"2024-11-14T14:27:14+00:00","og_image":[{"width":1215,"height":1215,"url":"https:\/\/deutschedigitalassets.com\/wp-content\/uploads\/2024\/06\/Trades-like-an-ETF-on-European-Exchanges.png","type":"image\/png"}],"twitter_card":"summary_large_image","schema":{"@context":"https:\/\/schema.org","@graph":[{"@type":"WebPage","@id":"https:\/\/deutschedigitalassets.com\/products\/tailored-solutions\/advisory\/","url":"https:\/\/deutschedigitalassets.com\/products\/tailored-solutions\/advisory\/","name":"DDA Advisory - Deutsche Digital Assets","isPartOf":{"@id":"https:\/\/deutschedigitalassets.com\/#website"},"primaryImageOfPage":{"@id":"https:\/\/deutschedigitalassets.com\/products\/tailored-solutions\/advisory\/#primaryimage"},"image":{"@id":"https:\/\/deutschedigitalassets.com\/products\/tailored-solutions\/advisory\/#primaryimage"},"thumbnailUrl":"https:\/\/deutschedigitalassets.com\/wp-content\/uploads\/2024\/06\/Trades-like-an-ETF-on-European-Exchanges-150x150.png","datePublished":"2022-11-10T03:29:58+00:00","dateModified":"2024-11-14T14:27:14+00:00","description":"DDA Advisory GmbH provides first class crypto investment advisory services for Family Offices, High Net Worth Individuals (HNWIs) and institutional investors.","breadcrumb":{"@id":"https:\/\/deutschedigitalassets.com\/products\/tailored-solutions\/advisory\/#breadcrumb"},"inLanguage":"de-DE","potentialAction":[{"@type":"ReadAction","target":["https:\/\/deutschedigitalassets.com\/products\/tailored-solutions\/advisory\/"]}]},{"@type":"ImageObject","inLanguage":"de-DE","@id":"https:\/\/deutschedigitalassets.com\/products\/tailored-solutions\/advisory\/#primaryimage","url":"https:\/\/deutschedigitalassets.com\/wp-content\/uploads\/2024\/06\/Trades-like-an-ETF-on-European-Exchanges-150x150.png","contentUrl":"https:\/\/deutschedigitalassets.com\/wp-content\/uploads\/2024\/06\/Trades-like-an-ETF-on-European-Exchanges-150x150.png"},{"@type":"BreadcrumbList","@id":"https:\/\/deutschedigitalassets.com\/products\/tailored-solutions\/advisory\/#breadcrumb","itemListElement":[{"@type":"ListItem","position":1,"name":"Home","item":"https:\/\/deutschedigitalassets.com\/"},{"@type":"ListItem","position":2,"name":"Deutsche Digital Assets Products","item":"https:\/\/deutschedigitalassets.com\/products\/"},{"@type":"ListItem","position":3,"name":"DDA Tailored Solutions","item":"https:\/\/deutschedigitalassets.com\/products\/tailored-solutions\/"},{"@type":"ListItem","position":4,"name":"DDA Advisory"}]},{"@type":"WebSite","@id":"https:\/\/deutschedigitalassets.com\/#website","url":"https:\/\/deutschedigitalassets.com\/","name":"Deutsche Digital Assets","description":"Deutsche Digital Assets","potentialAction":[{"@type":"SearchAction","target":{"@type":"EntryPoint","urlTemplate":"https:\/\/deutschedigitalassets.com\/?s={search_term_string}"},"query-input":{"@type":"PropertyValueSpecification","valueRequired":true,"valueName":"search_term_string"}}],"inLanguage":"de-DE"}]}},"_links":{"self":[{"href":"https:\/\/deutschedigitalassets.com\/de\/wp-json\/wp\/v2\/pages\/107"}],"collection":[{"href":"https:\/\/deutschedigitalassets.com\/de\/wp-json\/wp\/v2\/pages"}],"about":[{"href":"https:\/\/deutschedigitalassets.com\/de\/wp-json\/wp\/v2\/types\/page"}],"author":[{"embeddable":true,"href":"https:\/\/deutschedigitalassets.com\/de\/wp-json\/wp\/v2\/users\/6"}],"replies":[{"embeddable":true,"href":"https:\/\/deutschedigitalassets.com\/de\/wp-json\/wp\/v2\/comments?post=107"}],"version-history":[{"count":0,"href":"https:\/\/deutschedigitalassets.com\/de\/wp-json\/wp\/v2\/pages\/107\/revisions"}],"up":[{"embeddable":true,"href":"https:\/\/deutschedigitalassets.com\/de\/wp-json\/wp\/v2\/pages\/105"}],"wp:attachment":[{"href":"https:\/\/deutschedigitalassets.com\/de\/wp-json\/wp\/v2\/media?parent=107"}],"curies":[{"name":"wp","href":"https:\/\/api.w.org\/{rel}","templated":true}]}}