{"id":105,"date":"2022-11-10T03:29:16","date_gmt":"2022-11-10T03:29:16","guid":{"rendered":"https:\/\/deutschedastg.wpengine.com\/?page_id=105"},"modified":"2024-06-12T13:32:45","modified_gmt":"2024-06-12T13:32:45","slug":"tailored-solutions","status":"publish","type":"page","link":"https:\/\/deutschedigitalassets.com\/de\/products\/masgeschneiderte-losungen\/","title":{"rendered":"DDA Ma\u00dfgeschneiderte L\u00f6sungen"},"content":{"rendered":"<div class=\"alignfull wp-block-iconic-blocks-hero is-variation-subpage hero-align--left has-sunglow-yellow-background-color\" >\n    <div class=\"hero-content-container\">\n                    <h1 class=\"hero-heading\">\n                \nDDA MASSGESCHNEIDERTE L\u00d6SUNGEN            <\/h1>\n                            <p class=\"hero-sub-heading has-subtitle-font-size\">\n                \ndemn\u00e4chst            <\/p>\n        \n        \n                    <div class=\"product-image-container\">\n                            <\/div>\n            <\/div>\n<\/div>\n\n\n\n<div class=\"wp-block-group alignfull is-style-text-simple newsletter has-white-40-background-color has-background is-layout-flow wp-block-group-is-layout-flow\">\n<div class=\"wp-block-columns is-layout-flex wp-container-core-columns-is-layout-1 wp-block-columns-is-layout-flex\">\n<div class=\"wp-block-column is-layout-flow wp-block-column-is-layout-flow\">\n<h3 class=\"wp-block-heading\" id=\"h-contact-us-for-more-information\">Kontaktieren Sie uns f\u00fcr weitere Informationen<\/h3>\n\n\n\n<p>Bei Fragen oder f\u00fcr mehr Informationen kontaktieren Sie uns bitte \u00fcber das bereitgestellte Formular. <\/p>\n<\/div>\n\n\n\n<div class=\"wp-block-column is-layout-flow wp-block-column-is-layout-flow\">\n<div class=\"pipedriveWebForms\" data-pd-webforms=\"https:\/\/webforms.pipedrive.com\/f\/ctqFs71ELAfe7vcLyQxLtjGn5INLwOuHv5BxijtM8c9iuFBctdYeYtKDpApbPC0boT\"><script src=\"https:\/\/webforms.pipedrive.com\/f\/loader\"><\/script><\/div>\n<\/div>\n<\/div>\n<\/div>","protected":false},"excerpt":{"rendered":"<p>Kontaktieren Sie uns f\u00fcr weitere Informationen F\u00fcr weitere Informationen kontaktieren Sie uns bitte \u00fcber das bereitgestellte Formular.<\/p>","protected":false},"author":6,"featured_media":0,"parent":66,"menu_order":0,"comment_status":"closed","ping_status":"closed","template":"","meta":{"_acf_changed":false,"_monsterinsights_skip_tracking":false,"_monsterinsights_sitenote_active":false,"_monsterinsights_sitenote_note":"","_monsterinsights_sitenote_category":0,"footnotes":""},"acf":[],"yoast_head":"<!-- This site is optimized with the Yoast SEO Premium plugin v19.5 (Yoast SEO v23.6) - https:\/\/yoast.com\/wordpress\/plugins\/seo\/ -->\n<title>DDA Tailored Solutions - Deutsche Digital Assets<\/title>\n<meta name=\"robots\" content=\"index, follow, max-snippet:-1, max-image-preview:large, max-video-preview:-1\" \/>\n<link rel=\"canonical\" href=\"https:\/\/deutschedigitalassets.com\/de\/products\/masgeschneiderte-losungen\/\" \/>\n<meta property=\"og:locale\" content=\"de_DE\" \/>\n<meta property=\"og:type\" content=\"article\" \/>\n<meta property=\"og:title\" content=\"DDA Tailored Solutions\" \/>\n<meta property=\"og:description\" content=\"Contact us for more information For more information please reach out to us via the provided form.\" \/>\n<meta property=\"og:url\" content=\"https:\/\/deutschedigitalassets.com\/de\/products\/masgeschneiderte-losungen\/\" \/>\n<meta property=\"og:site_name\" content=\"Deutsche Digital Assets\" \/>\n<meta property=\"article:modified_time\" content=\"2024-06-12T13:32:45+00:00\" \/>\n<meta name=\"twitter:card\" content=\"summary_large_image\" \/>\n<meta name=\"twitter:label1\" content=\"Gesch\u00e4tzte Lesezeit\" \/>\n\t<meta name=\"twitter:data1\" content=\"1 Minute\" \/>\n<script type=\"application\/ld+json\" class=\"yoast-schema-graph\">{\"@context\":\"https:\/\/schema.org\",\"@graph\":[{\"@type\":\"WebPage\",\"@id\":\"https:\/\/deutschedigitalassets.com\/products\/tailored-solutions\/\",\"url\":\"https:\/\/deutschedigitalassets.com\/products\/tailored-solutions\/\",\"name\":\"DDA Tailored Solutions - Deutsche Digital Assets\",\"isPartOf\":{\"@id\":\"https:\/\/deutschedigitalassets.com\/#website\"},\"datePublished\":\"2022-11-10T03:29:16+00:00\",\"dateModified\":\"2024-06-12T13:32:45+00:00\",\"breadcrumb\":{\"@id\":\"https:\/\/deutschedigitalassets.com\/products\/tailored-solutions\/#breadcrumb\"},\"inLanguage\":\"de-DE\",\"potentialAction\":[{\"@type\":\"ReadAction\",\"target\":[\"https:\/\/deutschedigitalassets.com\/products\/tailored-solutions\/\"]}]},{\"@type\":\"BreadcrumbList\",\"@id\":\"https:\/\/deutschedigitalassets.com\/products\/tailored-solutions\/#breadcrumb\",\"itemListElement\":[{\"@type\":\"ListItem\",\"position\":1,\"name\":\"Home\",\"item\":\"https:\/\/deutschedigitalassets.com\/\"},{\"@type\":\"ListItem\",\"position\":2,\"name\":\"Deutsche Digital Assets Products\",\"item\":\"https:\/\/deutschedigitalassets.com\/products\/\"},{\"@type\":\"ListItem\",\"position\":3,\"name\":\"DDA Tailored Solutions\"}]},{\"@type\":\"WebSite\",\"@id\":\"https:\/\/deutschedigitalassets.com\/#website\",\"url\":\"https:\/\/deutschedigitalassets.com\/\",\"name\":\"Deutsche Digital Assets\",\"description\":\"Deutsche Digital Assets\",\"potentialAction\":[{\"@type\":\"SearchAction\",\"target\":{\"@type\":\"EntryPoint\",\"urlTemplate\":\"https:\/\/deutschedigitalassets.com\/?s={search_term_string}\"},\"query-input\":{\"@type\":\"PropertyValueSpecification\",\"valueRequired\":true,\"valueName\":\"search_term_string\"}}],\"inLanguage\":\"de-DE\"}]}<\/script>\n<!-- \/ Yoast SEO Premium plugin. -->","yoast_head_json":{"title":"DDA Tailored Solutions - Deutsche Digital Assets","robots":{"index":"index","follow":"follow","max-snippet":"max-snippet:-1","max-image-preview":"max-image-preview:large","max-video-preview":"max-video-preview:-1"},"canonical":"https:\/\/deutschedigitalassets.com\/de\/products\/masgeschneiderte-losungen\/","og_locale":"de_DE","og_type":"article","og_title":"DDA Tailored Solutions","og_description":"Contact us for more information For more information please reach out to us via the provided form.","og_url":"https:\/\/deutschedigitalassets.com\/de\/products\/masgeschneiderte-losungen\/","og_site_name":"Deutsche Digital Assets","article_modified_time":"2024-06-12T13:32:45+00:00","twitter_card":"summary_large_image","twitter_misc":{"Gesch\u00e4tzte Lesezeit":"1 Minute"},"schema":{"@context":"https:\/\/schema.org","@graph":[{"@type":"WebPage","@id":"https:\/\/deutschedigitalassets.com\/products\/tailored-solutions\/","url":"https:\/\/deutschedigitalassets.com\/products\/tailored-solutions\/","name":"DDA Tailored Solutions - Deutsche Digital Assets","isPartOf":{"@id":"https:\/\/deutschedigitalassets.com\/#website"},"datePublished":"2022-11-10T03:29:16+00:00","dateModified":"2024-06-12T13:32:45+00:00","breadcrumb":{"@id":"https:\/\/deutschedigitalassets.com\/products\/tailored-solutions\/#breadcrumb"},"inLanguage":"de-DE","potentialAction":[{"@type":"ReadAction","target":["https:\/\/deutschedigitalassets.com\/products\/tailored-solutions\/"]}]},{"@type":"BreadcrumbList","@id":"https:\/\/deutschedigitalassets.com\/products\/tailored-solutions\/#breadcrumb","itemListElement":[{"@type":"ListItem","position":1,"name":"Home","item":"https:\/\/deutschedigitalassets.com\/"},{"@type":"ListItem","position":2,"name":"Deutsche Digital Assets Products","item":"https:\/\/deutschedigitalassets.com\/products\/"},{"@type":"ListItem","position":3,"name":"DDA Tailored Solutions"}]},{"@type":"WebSite","@id":"https:\/\/deutschedigitalassets.com\/#website","url":"https:\/\/deutschedigitalassets.com\/","name":"Deutsche Digital Assets","description":"Deutsche Digital Assets","potentialAction":[{"@type":"SearchAction","target":{"@type":"EntryPoint","urlTemplate":"https:\/\/deutschedigitalassets.com\/?s={search_term_string}"},"query-input":{"@type":"PropertyValueSpecification","valueRequired":true,"valueName":"search_term_string"}}],"inLanguage":"de-DE"}]}},"_links":{"self":[{"href":"https:\/\/deutschedigitalassets.com\/de\/wp-json\/wp\/v2\/pages\/105"}],"collection":[{"href":"https:\/\/deutschedigitalassets.com\/de\/wp-json\/wp\/v2\/pages"}],"about":[{"href":"https:\/\/deutschedigitalassets.com\/de\/wp-json\/wp\/v2\/types\/page"}],"author":[{"embeddable":true,"href":"https:\/\/deutschedigitalassets.com\/de\/wp-json\/wp\/v2\/users\/6"}],"replies":[{"embeddable":true,"href":"https:\/\/deutschedigitalassets.com\/de\/wp-json\/wp\/v2\/comments?post=105"}],"version-history":[{"count":0,"href":"https:\/\/deutschedigitalassets.com\/de\/wp-json\/wp\/v2\/pages\/105\/revisions"}],"up":[{"embeddable":true,"href":"https:\/\/deutschedigitalassets.com\/de\/wp-json\/wp\/v2\/pages\/66"}],"wp:attachment":[{"href":"https:\/\/deutschedigitalassets.com\/de\/wp-json\/wp\/v2\/media?parent=105"}],"curies":[{"name":"wp","href":"https:\/\/api.w.org\/{rel}","templated":true}]}}