{"id":104,"date":"2022-11-10T03:28:53","date_gmt":"2022-11-10T03:28:53","guid":{"rendered":"https:\/\/deutschedastg.wpengine.com\/?page_id=104"},"modified":"2024-11-14T14:27:23","modified_gmt":"2024-11-14T14:27:23","slug":"wletp","status":"publish","type":"page","link":"https:\/\/deutschedigitalassets.com\/de\/products\/wletp\/","title":{"rendered":"White-Label-B\u00f6rsengehandelte Produkte (ETP)"},"content":{"rendered":"<div class=\"alignfull wp-block-iconic-blocks-hero is-variation-subpage hero-align--left has-tuna-grey-background-color\" >\n    <div class=\"hero-content-container\">\n                    <h1 class=\"hero-heading\">\n                \nWhite-Label-B\u00f6rsengehandelte Produkte (ETP)             <\/h1>\n                            <p class=\"hero-sub-heading has-subtitle-font-size\">\n                \n            <\/p>\n        \n        \n                    <div class=\"product-image-container\">\n                            <\/div>\n            <\/div>\n<\/div>\n\n\n\n<div style=\"height:150px\" aria-hidden=\"true\" class=\"wp-block-spacer\"><\/div>\n\n\n\n<div class=\"wp-block-group alignfull is-layout-constrained wp-block-group-is-layout-constrained\">\n<h3 class=\"wp-block-heading\" id=\"h-about-dda-white-label-exchange-traded-products\">\u00dcber DDA White-label B\u00f6rsengehandelte Produkte<\/h3>\n\n\n\n<p>Das DDA White-Labeling ist eine schl\u00fcsselfertige L\u00f6sung f\u00fcr die effiziente und kosteng\u00fcnstige Auflegung von Krypto ETPs. DDA stellt die gesamte notwendige Infrastruktur zur Verf\u00fcgung, die f\u00fcr die Einf\u00fchrung von Krypto-ETPs erforderlich ist, einschlie\u00dflich regulatorischer Zulassungen, B\u00f6rsennotierungen, Betrieb und Portfoliomanagement, und arbeitet mit Drittanbietern zusammen, um White Label Krypto ETPs \u00fcber seine Plattform aufzulegen.<\/p>\n\n\n\n<p><\/p>\n\n\n\n<h4 class=\"wp-block-heading\">Produktvorteile<\/h4>\n\n\n\n<p><strong><strong>Plug-and-Play-Plattform:<\/strong><\/strong> Die White-Labeling-Plattform von DDA senkt die H\u00fcrden f\u00fcr die Einf\u00fchrung von Krypto-ETPs f\u00fcr Finanzinstitute, indem sie ein komplettes Dienstleistungspaket anbietet, das Produktentwicklung, Compliance, Genehmigungen durch Regulator, B\u00f6rsennotierung, Betrieb und Portfolio-Management umfasst.<\/p>\n\n\n\n<p><strong><strong>Zeitsparender, einfacher und effizienter Zugang zum Kryptomarkt:<\/strong> <\/strong>Die White-Label-L\u00f6sungen von DDA bieten die gesamte erforderliche Infrastruktur, um Krypto ETPs innerhalb kurzer Zeit zu lancieren und zu verwalten.<\/p>\n\n\n\n<p><strong><strong>Vertrauensw\u00fcrdige und regulierte L\u00f6sungen:<\/strong><\/strong> Mithilfe unserer robusten Infrastruktur, die auch die Bereiche Compliance, Recht sowie alle operativen und Portfolio-Management-Aufgaben umfasst, entwickeln, lancieren und verwalten wir Krypto-ETPs in einem stark regulierten Umfeld.<\/p>\n<\/div>\n\n\n\n<div style=\"height:150px\" aria-hidden=\"true\" class=\"wp-block-spacer\"><\/div>\n\n\n\n<div class=\"wp-block-group alignfull is-style-text-simple newsletter has-white-40-background-color has-background is-layout-flow wp-block-group-is-layout-flow\">\n<div class=\"wp-block-columns is-layout-flex wp-container-core-columns-is-layout-1 wp-block-columns-is-layout-flex\">\n<div class=\"wp-block-column is-layout-flow wp-block-column-is-layout-flow\">\n<h3 class=\"wp-block-heading\" id=\"h-contact-us-for-more-information\">Kontaktieren Sie uns f\u00fcr weitere Informationen<\/h3>\n\n\n\n<p>Sie m\u00f6chten Ihre Kryptostrategie in einen ETP auflegen? Kontaktieren Sie uns!<\/p>\n<\/div>\n\n\n\n<div class=\"wp-block-column is-layout-flow wp-block-column-is-layout-flow\">\n<div class=\"pipedriveWebForms\" data-pd-webforms=\"https:\/\/webforms.pipedrive.com\/f\/ctqFs71ELAfe7vcLyQxLtjGn5INLwOuHv5BxijtM8c9iuFBctdYeYtKDpApbPC0boT\"><script src=\"https:\/\/webforms.pipedrive.com\/f\/loader\"><\/script><\/div>\n<\/div>\n<\/div>\n<\/div>","protected":false},"excerpt":{"rendered":"<p>About DDA White-label Exchange Traded Products The DDA white label offering is a plug and play solution for launching crypto ETPs. The platform reduces the complexity and the cost of launching crypto ETPs for anyone providing institutional platform solutions. Providing all the necessary infrastructure needed to launch crypto ETPs including regulatory approvals, exchange listing, operations [&hellip;]<\/p>","protected":false},"author":6,"featured_media":0,"parent":66,"menu_order":0,"comment_status":"closed","ping_status":"closed","template":"","meta":{"_acf_changed":false,"_monsterinsights_skip_tracking":false,"_monsterinsights_sitenote_active":false,"_monsterinsights_sitenote_note":"","_monsterinsights_sitenote_category":0,"footnotes":""},"acf":[],"yoast_head":"<!-- This site is optimized with the Yoast SEO Premium plugin v19.5 (Yoast SEO v23.6) - https:\/\/yoast.com\/wordpress\/plugins\/seo\/ -->\n<title>White-label Exchange Traded Products (ETP) - Deutsche Digital Assets<\/title>\n<meta name=\"description\" content=\"The DDA white label offering is a plug and play solution for launching crypto ETPs. The platform reduces the complexity and the cost of launching crypto ETPs for anyone providing institutional platform solutions.\" \/>\n<meta name=\"robots\" content=\"index, follow, max-snippet:-1, max-image-preview:large, max-video-preview:-1\" \/>\n<link rel=\"canonical\" href=\"https:\/\/deutschedigitalassets.com\/de\/products\/wletp\/\" \/>\n<meta property=\"og:locale\" content=\"de_DE\" \/>\n<meta property=\"og:type\" content=\"article\" \/>\n<meta property=\"og:title\" content=\"White-label Exchange Traded Products (ETP)\" \/>\n<meta property=\"og:description\" content=\"The DDA white label offering is a plug and play solution for launching crypto ETPs. The platform reduces the complexity and the cost of launching crypto ETPs for anyone providing institutional platform solutions.\" \/>\n<meta property=\"og:url\" content=\"https:\/\/deutschedigitalassets.com\/de\/products\/wletp\/\" \/>\n<meta property=\"og:site_name\" content=\"Deutsche Digital Assets\" \/>\n<meta property=\"article:modified_time\" content=\"2024-11-14T14:27:23+00:00\" \/>\n<meta name=\"twitter:card\" content=\"summary_large_image\" \/>\n<script type=\"application\/ld+json\" class=\"yoast-schema-graph\">{\"@context\":\"https:\/\/schema.org\",\"@graph\":[{\"@type\":\"WebPage\",\"@id\":\"https:\/\/deutschedigitalassets.com\/products\/wletp\/\",\"url\":\"https:\/\/deutschedigitalassets.com\/products\/wletp\/\",\"name\":\"White-label Exchange Traded Products (ETP) - Deutsche Digital Assets\",\"isPartOf\":{\"@id\":\"https:\/\/deutschedigitalassets.com\/#website\"},\"datePublished\":\"2022-11-10T03:28:53+00:00\",\"dateModified\":\"2024-11-14T14:27:23+00:00\",\"description\":\"The DDA white label offering is a plug and play solution for launching crypto ETPs. The platform reduces the complexity and the cost of launching crypto ETPs for anyone providing institutional platform solutions.\",\"breadcrumb\":{\"@id\":\"https:\/\/deutschedigitalassets.com\/products\/wletp\/#breadcrumb\"},\"inLanguage\":\"de-DE\",\"potentialAction\":[{\"@type\":\"ReadAction\",\"target\":[\"https:\/\/deutschedigitalassets.com\/products\/wletp\/\"]}]},{\"@type\":\"BreadcrumbList\",\"@id\":\"https:\/\/deutschedigitalassets.com\/products\/wletp\/#breadcrumb\",\"itemListElement\":[{\"@type\":\"ListItem\",\"position\":1,\"name\":\"Home\",\"item\":\"https:\/\/deutschedigitalassets.com\/\"},{\"@type\":\"ListItem\",\"position\":2,\"name\":\"Deutsche Digital Assets Products\",\"item\":\"https:\/\/deutschedigitalassets.com\/products\/\"},{\"@type\":\"ListItem\",\"position\":3,\"name\":\"White-label Exchange Traded Products (ETP)\"}]},{\"@type\":\"WebSite\",\"@id\":\"https:\/\/deutschedigitalassets.com\/#website\",\"url\":\"https:\/\/deutschedigitalassets.com\/\",\"name\":\"Deutsche Digital Assets\",\"description\":\"Deutsche Digital Assets\",\"potentialAction\":[{\"@type\":\"SearchAction\",\"target\":{\"@type\":\"EntryPoint\",\"urlTemplate\":\"https:\/\/deutschedigitalassets.com\/?s={search_term_string}\"},\"query-input\":{\"@type\":\"PropertyValueSpecification\",\"valueRequired\":true,\"valueName\":\"search_term_string\"}}],\"inLanguage\":\"de-DE\"}]}<\/script>\n<!-- \/ Yoast SEO Premium plugin. -->","yoast_head_json":{"title":"White-label Exchange Traded Products (ETP) - Deutsche Digital Assets","description":"The DDA white label offering is a plug and play solution for launching crypto ETPs. The platform reduces the complexity and the cost of launching crypto ETPs for anyone providing institutional platform solutions.","robots":{"index":"index","follow":"follow","max-snippet":"max-snippet:-1","max-image-preview":"max-image-preview:large","max-video-preview":"max-video-preview:-1"},"canonical":"https:\/\/deutschedigitalassets.com\/de\/products\/wletp\/","og_locale":"de_DE","og_type":"article","og_title":"White-label Exchange Traded Products (ETP)","og_description":"The DDA white label offering is a plug and play solution for launching crypto ETPs. The platform reduces the complexity and the cost of launching crypto ETPs for anyone providing institutional platform solutions.","og_url":"https:\/\/deutschedigitalassets.com\/de\/products\/wletp\/","og_site_name":"Deutsche Digital Assets","article_modified_time":"2024-11-14T14:27:23+00:00","twitter_card":"summary_large_image","schema":{"@context":"https:\/\/schema.org","@graph":[{"@type":"WebPage","@id":"https:\/\/deutschedigitalassets.com\/products\/wletp\/","url":"https:\/\/deutschedigitalassets.com\/products\/wletp\/","name":"White-label Exchange Traded Products (ETP) - Deutsche Digital Assets","isPartOf":{"@id":"https:\/\/deutschedigitalassets.com\/#website"},"datePublished":"2022-11-10T03:28:53+00:00","dateModified":"2024-11-14T14:27:23+00:00","description":"The DDA white label offering is a plug and play solution for launching crypto ETPs. The platform reduces the complexity and the cost of launching crypto ETPs for anyone providing institutional platform solutions.","breadcrumb":{"@id":"https:\/\/deutschedigitalassets.com\/products\/wletp\/#breadcrumb"},"inLanguage":"de-DE","potentialAction":[{"@type":"ReadAction","target":["https:\/\/deutschedigitalassets.com\/products\/wletp\/"]}]},{"@type":"BreadcrumbList","@id":"https:\/\/deutschedigitalassets.com\/products\/wletp\/#breadcrumb","itemListElement":[{"@type":"ListItem","position":1,"name":"Home","item":"https:\/\/deutschedigitalassets.com\/"},{"@type":"ListItem","position":2,"name":"Deutsche Digital Assets Products","item":"https:\/\/deutschedigitalassets.com\/products\/"},{"@type":"ListItem","position":3,"name":"White-label Exchange Traded Products (ETP)"}]},{"@type":"WebSite","@id":"https:\/\/deutschedigitalassets.com\/#website","url":"https:\/\/deutschedigitalassets.com\/","name":"Deutsche Digital Assets","description":"Deutsche Digital Assets","potentialAction":[{"@type":"SearchAction","target":{"@type":"EntryPoint","urlTemplate":"https:\/\/deutschedigitalassets.com\/?s={search_term_string}"},"query-input":{"@type":"PropertyValueSpecification","valueRequired":true,"valueName":"search_term_string"}}],"inLanguage":"de-DE"}]}},"_links":{"self":[{"href":"https:\/\/deutschedigitalassets.com\/de\/wp-json\/wp\/v2\/pages\/104"}],"collection":[{"href":"https:\/\/deutschedigitalassets.com\/de\/wp-json\/wp\/v2\/pages"}],"about":[{"href":"https:\/\/deutschedigitalassets.com\/de\/wp-json\/wp\/v2\/types\/page"}],"author":[{"embeddable":true,"href":"https:\/\/deutschedigitalassets.com\/de\/wp-json\/wp\/v2\/users\/6"}],"replies":[{"embeddable":true,"href":"https:\/\/deutschedigitalassets.com\/de\/wp-json\/wp\/v2\/comments?post=104"}],"version-history":[{"count":0,"href":"https:\/\/deutschedigitalassets.com\/de\/wp-json\/wp\/v2\/pages\/104\/revisions"}],"up":[{"embeddable":true,"href":"https:\/\/deutschedigitalassets.com\/de\/wp-json\/wp\/v2\/pages\/66"}],"wp:attachment":[{"href":"https:\/\/deutschedigitalassets.com\/de\/wp-json\/wp\/v2\/media?parent=104"}],"curies":[{"name":"wp","href":"https:\/\/api.w.org\/{rel}","templated":true}]}}